{"id":9,"date":"2017-12-11T13:00:17","date_gmt":"2017-12-11T13:00:17","guid":{"rendered":"http:\/\/www.dominicanemotion.com\/?page_id=9"},"modified":"2026-04-02T23:04:50","modified_gmt":"2026-04-02T23:04:50","slug":"escursioni-e-tours-in-repubblica-dominicana","status":"publish","type":"page","link":"https:\/\/dominicanemotion.com\/fr\/","title":{"rendered":"Excursiones y Tours de la Rep\u00fablica Dominicana"},"content":{"rendered":"<p><\/p>\n<h2 style=\"text-align: center;\"><a href=\"https:\/\/dominicanemotion.com\/wp-content\/uploads\/2018\/10\/DOMINICANEMOTION-homepage.png\" data-rel=\"lightbox-image-1\" data-rl_title=\"\" data-rl_caption=\"\" title=\"\"><img loading=\"lazy\" decoding=\"async\" class=\"alignnone wp-image-257\" src=\"https:\/\/dominicanemotion.com\/wp-content\/uploads\/2018\/10\/DOMINICANEMOTION-homepage.png\" alt=\"\" width=\"358\" height=\"140\" srcset=\"https:\/\/dominicanemotion.com\/wp-content\/uploads\/2018\/10\/DOMINICANEMOTION-homepage.png 450w, https:\/\/dominicanemotion.com\/wp-content\/uploads\/2018\/10\/DOMINICANEMOTION-homepage-300x117.png 300w\" sizes=\"auto, (max-width: 358px) 100vw, 358px\" \/><\/a><\/h2>\n<h1 id=\"tw-target-text\" class=\"tw-data-text tw-ta tw-text-small\" dir=\"ltr\" style=\"text-align: center;\" data-placeholder=\"Traduzione\"><span lang=\"fr\" tabindex=\"0\"><strong>Les meilleurs excursions en<\/strong><\/span><span lang=\"fr\" tabindex=\"0\"><strong>&nbsp;R\u00e9publique <\/strong><strong>Dominicaine<\/strong><br \/>\n<\/span><\/h1>\n<pre class=\"tw-data-text tw-ta tw-text-small\" dir=\"ltr\" style=\"text-align: center;\" data-placeholder=\"Traduzione\"><span lang=\"fr\" tabindex=\"0\">Dominican Emotion propose \r\nles meilleures excursions et visites \r\nde la R\u00e9publique dominicaine depuis \r\nBayahibe et Punta Cana. des baleines \r\nde la cascade Samana et El Limon \u00e0 \r\nCayo de Levantado\r\n\r\n<a href=\"https:\/\/www.tripadvisor.com\/Attraction_Review-g663484-d14968592-Reviews-Dominican_Emotion-Bayahibe_La_Altagracia_Province_Dominican_Republic.html\">AVIS SUR TRIPADVISOR<\/a>\r\n<\/span><\/pre>\n<p><\/p>","protected":false},"excerpt":{"rendered":"<p>Les meilleurs excursions en&nbsp;R\u00e9publique Dominicaine Dominican Emotion propose les meilleures excursions et visites de la R\u00e9publique dominicaine depuis Bayahibe et Punta Cana. des baleines de la cascade Samana et El Limon \u00e0 Cayo de Levantado AVIS SUR TRIPADVISOR<\/p>\n","protected":false},"author":1,"featured_media":599,"parent":0,"menu_order":0,"comment_status":"closed","ping_status":"closed","template":"","meta":{"footnotes":""},"class_list":["post-9","page","type-page","status-publish","has-post-thumbnail","hentry"],"yoast_head":"<!-- This site is optimized with the Yoast SEO plugin v27.3 - https:\/\/yoast.com\/product\/yoast-seo-wordpress\/ -->\n<title>Dominican Emotion | Escursioni in Repubblica Dominicana<\/title>\n<meta name=\"description\" content=\"Escursioni in Repubblica Dominicana con partenze da Bayahibe e Punta Cana. Isola Saona, Catalina, Santo Domingo e molto altro.\" \/>\n<meta name=\"robots\" content=\"index, follow, max-snippet:-1, max-image-preview:large, max-video-preview:-1\" \/>\n<link rel=\"canonical\" href=\"https:\/\/dominicanemotion.com\/\" \/>\n<meta property=\"og:locale\" content=\"fr_FR\" \/>\n<meta property=\"og:type\" content=\"article\" \/>\n<meta property=\"og:title\" content=\"Dominican Emotion | Escursioni in Repubblica Dominicana\" \/>\n<meta property=\"og:description\" content=\"Escursioni in Repubblica Dominicana con partenze da Bayahibe e Punta Cana. Isola Saona, Catalina, Santo Domingo e molto altro.\" \/>\n<meta property=\"og:url\" content=\"https:\/\/dominicanemotion.com\/\" \/>\n<meta property=\"og:site_name\" content=\"Dominican Emotion\" \/>\n<meta property=\"article:modified_time\" content=\"2026-04-02T23:04:50+00:00\" \/>\n<meta property=\"og:image\" content=\"https:\/\/dominicanemotion.com\/wp-content\/uploads\/2023\/05\/foto.staff_-1024x683.jpg\" \/>\n\t<meta property=\"og:image:width\" content=\"1024\" \/>\n\t<meta property=\"og:image:height\" content=\"683\" \/>\n\t<meta property=\"og:image:type\" content=\"image\/jpeg\" \/>\n<meta name=\"twitter:card\" content=\"summary_large_image\" \/>\n<meta name=\"twitter:label1\" content=\"Dur\u00e9e de lecture estim\u00e9e\" \/>\n\t<meta name=\"twitter:data1\" content=\"1 minute\" \/>\n<script type=\"application\/ld+json\" class=\"yoast-schema-graph\">{\"@context\":\"https:\\\/\\\/schema.org\",\"@graph\":[{\"@type\":\"WebPage\",\"@id\":\"https:\\\/\\\/dominicanemotion.com\\\/\",\"url\":\"https:\\\/\\\/dominicanemotion.com\\\/\",\"name\":\"Dominican Emotion | Escursioni in Repubblica Dominicana\",\"isPartOf\":{\"@id\":\"https:\\\/\\\/dominicanemotion.com\\\/ru\\\/#website\"},\"primaryImageOfPage\":{\"@id\":\"https:\\\/\\\/dominicanemotion.com\\\/#primaryimage\"},\"image\":{\"@id\":\"https:\\\/\\\/dominicanemotion.com\\\/#primaryimage\"},\"thumbnailUrl\":\"https:\\\/\\\/dominicanemotion.com\\\/wp-content\\\/uploads\\\/2023\\\/05\\\/foto.staff_.jpg\",\"datePublished\":\"2017-12-11T13:00:17+00:00\",\"dateModified\":\"2026-04-02T23:04:50+00:00\",\"description\":\"Escursioni in Repubblica Dominicana con partenze da Bayahibe e Punta Cana. Isola Saona, Catalina, Santo Domingo e molto altro.\",\"breadcrumb\":{\"@id\":\"https:\\\/\\\/dominicanemotion.com\\\/#breadcrumb\"},\"inLanguage\":\"fr-FR\",\"potentialAction\":[{\"@type\":\"ReadAction\",\"target\":[\"https:\\\/\\\/dominicanemotion.com\\\/\"]}]},{\"@type\":\"ImageObject\",\"inLanguage\":\"fr-FR\",\"@id\":\"https:\\\/\\\/dominicanemotion.com\\\/#primaryimage\",\"url\":\"https:\\\/\\\/dominicanemotion.com\\\/wp-content\\\/uploads\\\/2023\\\/05\\\/foto.staff_.jpg\",\"contentUrl\":\"https:\\\/\\\/dominicanemotion.com\\\/wp-content\\\/uploads\\\/2023\\\/05\\\/foto.staff_.jpg\",\"width\":2500,\"height\":1667},{\"@type\":\"BreadcrumbList\",\"@id\":\"https:\\\/\\\/dominicanemotion.com\\\/#breadcrumb\",\"itemListElement\":[{\"@type\":\"ListItem\",\"position\":1,\"name\":\"Home\",\"item\":\"https:\\\/\\\/dominicanemotion.com\\\/\"},{\"@type\":\"ListItem\",\"position\":2,\"name\":\"Escursioni e Tours della Repubblica Dominicana\"}]},{\"@type\":\"WebSite\",\"@id\":\"https:\\\/\\\/dominicanemotion.com\\\/ru\\\/#website\",\"url\":\"https:\\\/\\\/dominicanemotion.com\\\/ru\\\/\",\"name\":\"Dominican Emotion\",\"description\":\"Le migliori escursioni della Repubblica Dominicana con partenza da Bayahibe, La Romana.\",\"potentialAction\":[{\"@type\":\"SearchAction\",\"target\":{\"@type\":\"EntryPoint\",\"urlTemplate\":\"https:\\\/\\\/dominicanemotion.com\\\/ru\\\/?s={search_term_string}\"},\"query-input\":{\"@type\":\"PropertyValueSpecification\",\"valueRequired\":true,\"valueName\":\"search_term_string\"}}],\"inLanguage\":\"fr-FR\"}]}<\/script>\n<!-- \/ Yoast SEO plugin. -->","yoast_head_json":{"title":"Dominican Emotion | Escursioni in Repubblica Dominicana","description":"Escursioni in Repubblica Dominicana con partenze da Bayahibe e Punta Cana. Isola Saona, Catalina, Santo Domingo e molto altro.","robots":{"index":"index","follow":"follow","max-snippet":"max-snippet:-1","max-image-preview":"max-image-preview:large","max-video-preview":"max-video-preview:-1"},"canonical":"https:\/\/dominicanemotion.com\/","og_locale":"fr_FR","og_type":"article","og_title":"Dominican Emotion | Escursioni in Repubblica Dominicana","og_description":"Escursioni in Repubblica Dominicana con partenze da Bayahibe e Punta Cana. Isola Saona, Catalina, Santo Domingo e molto altro.","og_url":"https:\/\/dominicanemotion.com\/","og_site_name":"Dominican Emotion","article_modified_time":"2026-04-02T23:04:50+00:00","og_image":[{"width":1024,"height":683,"url":"https:\/\/dominicanemotion.com\/wp-content\/uploads\/2023\/05\/foto.staff_-1024x683.jpg","type":"image\/jpeg"}],"twitter_card":"summary_large_image","twitter_misc":{"Dur\u00e9e de lecture estim\u00e9e":"1 minute"},"schema":{"@context":"https:\/\/schema.org","@graph":[{"@type":"WebPage","@id":"https:\/\/dominicanemotion.com\/","url":"https:\/\/dominicanemotion.com\/","name":"Dominican Emotion | Escursioni in Repubblica Dominicana","isPartOf":{"@id":"https:\/\/dominicanemotion.com\/ru\/#website"},"primaryImageOfPage":{"@id":"https:\/\/dominicanemotion.com\/#primaryimage"},"image":{"@id":"https:\/\/dominicanemotion.com\/#primaryimage"},"thumbnailUrl":"https:\/\/dominicanemotion.com\/wp-content\/uploads\/2023\/05\/foto.staff_.jpg","datePublished":"2017-12-11T13:00:17+00:00","dateModified":"2026-04-02T23:04:50+00:00","description":"Escursioni in Repubblica Dominicana con partenze da Bayahibe e Punta Cana. Isola Saona, Catalina, Santo Domingo e molto altro.","breadcrumb":{"@id":"https:\/\/dominicanemotion.com\/#breadcrumb"},"inLanguage":"fr-FR","potentialAction":[{"@type":"ReadAction","target":["https:\/\/dominicanemotion.com\/"]}]},{"@type":"ImageObject","inLanguage":"fr-FR","@id":"https:\/\/dominicanemotion.com\/#primaryimage","url":"https:\/\/dominicanemotion.com\/wp-content\/uploads\/2023\/05\/foto.staff_.jpg","contentUrl":"https:\/\/dominicanemotion.com\/wp-content\/uploads\/2023\/05\/foto.staff_.jpg","width":2500,"height":1667},{"@type":"BreadcrumbList","@id":"https:\/\/dominicanemotion.com\/#breadcrumb","itemListElement":[{"@type":"ListItem","position":1,"name":"Home","item":"https:\/\/dominicanemotion.com\/"},{"@type":"ListItem","position":2,"name":"Escursioni e Tours della Repubblica Dominicana"}]},{"@type":"WebSite","@id":"https:\/\/dominicanemotion.com\/ru\/#website","url":"https:\/\/dominicanemotion.com\/ru\/","name":"Dominican Emotion","description":"Le migliori escursioni della Repubblica Dominicana con partenza da Bayahibe, La Romana.","potentialAction":[{"@type":"SearchAction","target":{"@type":"EntryPoint","urlTemplate":"https:\/\/dominicanemotion.com\/ru\/?s={search_term_string}"},"query-input":{"@type":"PropertyValueSpecification","valueRequired":true,"valueName":"search_term_string"}}],"inLanguage":"fr-FR"}]}},"_links":{"self":[{"href":"https:\/\/dominicanemotion.com\/fr\/wp-json\/wp\/v2\/pages\/9","targetHints":{"allow":["GET"]}}],"collection":[{"href":"https:\/\/dominicanemotion.com\/fr\/wp-json\/wp\/v2\/pages"}],"about":[{"href":"https:\/\/dominicanemotion.com\/fr\/wp-json\/wp\/v2\/types\/page"}],"author":[{"embeddable":true,"href":"https:\/\/dominicanemotion.com\/fr\/wp-json\/wp\/v2\/users\/1"}],"replies":[{"embeddable":true,"href":"https:\/\/dominicanemotion.com\/fr\/wp-json\/wp\/v2\/comments?post=9"}],"version-history":[{"count":105,"href":"https:\/\/dominicanemotion.com\/fr\/wp-json\/wp\/v2\/pages\/9\/revisions"}],"predecessor-version":[{"id":928,"href":"https:\/\/dominicanemotion.com\/fr\/wp-json\/wp\/v2\/pages\/9\/revisions\/928"}],"wp:featuredmedia":[{"embeddable":true,"href":"https:\/\/dominicanemotion.com\/fr\/wp-json\/wp\/v2\/media\/599"}],"wp:attachment":[{"href":"https:\/\/dominicanemotion.com\/fr\/wp-json\/wp\/v2\/media?parent=9"}],"curies":[{"name":"wp","href":"https:\/\/api.w.org\/{rel}","templated":true}]}}