{"id":847,"date":"2023-08-25T12:33:59","date_gmt":"2023-08-25T12:33:59","guid":{"rendered":"https:\/\/dominicanemotion.com\/?page_id=847"},"modified":"2023-09-25T15:58:44","modified_gmt":"2023-09-25T15:58:44","slug":"matrimonio-a-saona","status":"publish","type":"page","link":"https:\/\/dominicanemotion.com\/fr\/servizi\/matrimonio-a-saona\/","title":{"rendered":"Mariage sur l&rsquo;\u00eele de Saona"},"content":{"rendered":"<p><a href=\"https:\/\/dominicanemotion.com\/wp-content\/uploads\/2023\/08\/1692194214136.jpg\" data-rel=\"lightbox-image-0\" data-rl_title=\"\" data-rl_caption=\"\" title=\"\"><img loading=\"lazy\" decoding=\"async\" class=\"alignnone size-full wp-image-849\" src=\"https:\/\/dominicanemotion.com\/wp-content\/uploads\/2023\/08\/1692194214136.jpg\" alt=\"\" width=\"1200\" height=\"795\" srcset=\"https:\/\/dominicanemotion.com\/wp-content\/uploads\/2023\/08\/1692194214136.jpg 1200w, https:\/\/dominicanemotion.com\/wp-content\/uploads\/2023\/08\/1692194214136-300x199.jpg 300w, https:\/\/dominicanemotion.com\/wp-content\/uploads\/2023\/08\/1692194214136-1024x678.jpg 1024w, https:\/\/dominicanemotion.com\/wp-content\/uploads\/2023\/08\/1692194214136-768x509.jpg 768w\" sizes=\"auto, (max-width: 1200px) 100vw, 1200px\" \/><\/a><\/p>\n<p>Chez Dominicaine Emotion, nous r\u00e9alisons votre R\u00caVE !!! Mariage carib\u00e9en !<\/p>\n<p>Vous souhaitez vous marier ou renouveler vos v\u0153ux de mariage sur l&rsquo;\u00eele de Saona ? <span class=\"Y2IQFc\" lang=\"fr\">Faites-nous confiance!<\/span><\/p>\n<p>Ce que nous offrons:<\/p>\n<p>\u2013 Catamaran priv\u00e9<br \/>\n\u2013 C\u00e9l\u00e9bration sur la plage<br \/>\n\u2013 Gazebo d\u00e9cor\u00e9<br \/>\n&#8211; Bouquet de la mari\u00e9e<br \/>\n\u2013 D\u00e9jeuner sur la plage avec du homard dans un espace VIP r\u00e9serv\u00e9<br \/>\n\u2013 Animations<br \/>\n\u2013 Photo et vid\u00e9o<br \/>\n\u2013 Boissons incluses (vin, bi\u00e8re, coca, sprite, rhum, eau, caf\u00e9)<\/p>\n\n\t\t<style type=\"text\/css\">\n\t\t\t#gallery-4 {\n\t\t\t\tmargin: auto;\n\t\t\t}\n\t\t\t#gallery-4 .gallery-item {\n\t\t\t\tfloat: left;\n\t\t\t\tmargin-top: 10px;\n\t\t\t\ttext-align: center;\n\t\t\t\twidth: 25%;\n\t\t\t}\n\t\t\t#gallery-4 img {\n\t\t\t\tborder: 2px solid #cfcfcf;\n\t\t\t}\n\t\t\t#gallery-4 .gallery-caption {\n\t\t\t\tmargin-left: 0;\n\t\t\t}\n\t\t\t\/* see gallery_shortcode() in wp-includes\/media.php *\/\n\t\t<\/style>\n\t\t<div id='gallery-4' class='gallery galleryid-847 gallery-columns-4 gallery-size-thumbnail'><dl class='gallery-item'>\n\t\t\t<dt class='gallery-icon landscape'>\n\t\t\t\t<a href='https:\/\/dominicanemotion.com\/wp-content\/uploads\/2023\/08\/1692194214160.jpg' title=\"\" data-rl_title=\"\" class=\"rl-gallery-link\" data-rl_caption=\"\" data-rel=\"lightbox-gallery-4\"><img loading=\"lazy\" decoding=\"async\" width=\"150\" height=\"150\" src=\"https:\/\/dominicanemotion.com\/wp-content\/uploads\/2023\/08\/1692194214160-150x150.jpg\" class=\"attachment-thumbnail size-thumbnail\" alt=\"\" \/><\/a>\n\t\t\t<\/dt><\/dl><dl class='gallery-item'>\n\t\t\t<dt class='gallery-icon landscape'>\n\t\t\t\t<a href='https:\/\/dominicanemotion.com\/wp-content\/uploads\/2023\/08\/1692193567520.jpg' title=\"\" data-rl_title=\"\" class=\"rl-gallery-link\" data-rl_caption=\"\" data-rel=\"lightbox-gallery-4\"><img loading=\"lazy\" decoding=\"async\" width=\"150\" height=\"150\" src=\"https:\/\/dominicanemotion.com\/wp-content\/uploads\/2023\/08\/1692193567520-150x150.jpg\" class=\"attachment-thumbnail size-thumbnail\" alt=\"\" \/><\/a>\n\t\t\t<\/dt><\/dl><dl class='gallery-item'>\n\t\t\t<dt class='gallery-icon landscape'>\n\t\t\t\t<a href='https:\/\/dominicanemotion.com\/wp-content\/uploads\/2023\/08\/1692193567543.jpg' title=\"\" data-rl_title=\"\" class=\"rl-gallery-link\" data-rl_caption=\"\" data-rel=\"lightbox-gallery-4\"><img loading=\"lazy\" decoding=\"async\" width=\"150\" height=\"150\" src=\"https:\/\/dominicanemotion.com\/wp-content\/uploads\/2023\/08\/1692193567543-150x150.jpg\" class=\"attachment-thumbnail size-thumbnail\" alt=\"\" \/><\/a>\n\t\t\t<\/dt><\/dl><dl class='gallery-item'>\n\t\t\t<dt class='gallery-icon landscape'>\n\t\t\t\t<a href='https:\/\/dominicanemotion.com\/wp-content\/uploads\/2023\/08\/1692193567565.jpg' title=\"\" data-rl_title=\"\" class=\"rl-gallery-link\" data-rl_caption=\"\" data-rel=\"lightbox-gallery-4\"><img loading=\"lazy\" decoding=\"async\" width=\"150\" height=\"150\" src=\"https:\/\/dominicanemotion.com\/wp-content\/uploads\/2023\/08\/1692193567565-150x150.jpg\" class=\"attachment-thumbnail size-thumbnail\" alt=\"\" \/><\/a>\n\t\t\t<\/dt><\/dl><br style=\"clear: both\" \/><dl class='gallery-item'>\n\t\t\t<dt class='gallery-icon landscape'>\n\t\t\t\t<a href='https:\/\/dominicanemotion.com\/wp-content\/uploads\/2023\/08\/1692193567586.jpg' title=\"\" data-rl_title=\"\" class=\"rl-gallery-link\" data-rl_caption=\"\" data-rel=\"lightbox-gallery-4\"><img loading=\"lazy\" decoding=\"async\" width=\"150\" height=\"150\" src=\"https:\/\/dominicanemotion.com\/wp-content\/uploads\/2023\/08\/1692193567586-150x150.jpg\" class=\"attachment-thumbnail size-thumbnail\" alt=\"\" \/><\/a>\n\t\t\t<\/dt><\/dl><dl class='gallery-item'>\n\t\t\t<dt class='gallery-icon landscape'>\n\t\t\t\t<a href='https:\/\/dominicanemotion.com\/wp-content\/uploads\/2023\/08\/1692193567606.jpg' title=\"\" data-rl_title=\"\" class=\"rl-gallery-link\" data-rl_caption=\"\" data-rel=\"lightbox-gallery-4\"><img loading=\"lazy\" decoding=\"async\" width=\"150\" height=\"150\" src=\"https:\/\/dominicanemotion.com\/wp-content\/uploads\/2023\/08\/1692193567606-150x150.jpg\" class=\"attachment-thumbnail size-thumbnail\" alt=\"\" \/><\/a>\n\t\t\t<\/dt><\/dl><dl class='gallery-item'>\n\t\t\t<dt class='gallery-icon landscape'>\n\t\t\t\t<a href='https:\/\/dominicanemotion.com\/wp-content\/uploads\/2023\/08\/1692193567627.jpg' title=\"\" data-rl_title=\"\" class=\"rl-gallery-link\" data-rl_caption=\"\" data-rel=\"lightbox-gallery-4\"><img loading=\"lazy\" decoding=\"async\" width=\"150\" height=\"150\" src=\"https:\/\/dominicanemotion.com\/wp-content\/uploads\/2023\/08\/1692193567627-150x150.jpg\" class=\"attachment-thumbnail size-thumbnail\" alt=\"\" \/><\/a>\n\t\t\t<\/dt><\/dl><dl class='gallery-item'>\n\t\t\t<dt class='gallery-icon portrait'>\n\t\t\t\t<a href='https:\/\/dominicanemotion.com\/wp-content\/uploads\/2023\/08\/1692194214067.jpg' title=\"\" data-rl_title=\"\" class=\"rl-gallery-link\" data-rl_caption=\"\" data-rel=\"lightbox-gallery-4\"><img loading=\"lazy\" decoding=\"async\" width=\"150\" height=\"150\" src=\"https:\/\/dominicanemotion.com\/wp-content\/uploads\/2023\/08\/1692194214067-150x150.jpg\" class=\"attachment-thumbnail size-thumbnail\" alt=\"\" \/><\/a>\n\t\t\t<\/dt><\/dl><br style=\"clear: both\" \/><dl class='gallery-item'>\n\t\t\t<dt class='gallery-icon landscape'>\n\t\t\t\t<a href='https:\/\/dominicanemotion.com\/wp-content\/uploads\/2023\/08\/1692194214091.jpg' title=\"\" data-rl_title=\"\" class=\"rl-gallery-link\" data-rl_caption=\"\" data-rel=\"lightbox-gallery-4\"><img loading=\"lazy\" decoding=\"async\" width=\"150\" height=\"150\" src=\"https:\/\/dominicanemotion.com\/wp-content\/uploads\/2023\/08\/1692194214091-150x150.jpg\" class=\"attachment-thumbnail size-thumbnail\" alt=\"\" \/><\/a>\n\t\t\t<\/dt><\/dl><dl class='gallery-item'>\n\t\t\t<dt class='gallery-icon landscape'>\n\t\t\t\t<a href='https:\/\/dominicanemotion.com\/wp-content\/uploads\/2023\/08\/1692194214115.jpg' title=\"\" data-rl_title=\"\" class=\"rl-gallery-link\" data-rl_caption=\"\" data-rel=\"lightbox-gallery-4\"><img loading=\"lazy\" decoding=\"async\" width=\"150\" height=\"150\" src=\"https:\/\/dominicanemotion.com\/wp-content\/uploads\/2023\/08\/1692194214115-150x150.jpg\" class=\"attachment-thumbnail size-thumbnail\" alt=\"\" \/><\/a>\n\t\t\t<\/dt><\/dl><dl class='gallery-item'>\n\t\t\t<dt class='gallery-icon landscape'>\n\t\t\t\t<a href='https:\/\/dominicanemotion.com\/wp-content\/uploads\/2023\/08\/1692194214136.jpg' title=\"\" data-rl_title=\"\" class=\"rl-gallery-link\" data-rl_caption=\"\" data-rel=\"lightbox-gallery-4\"><img loading=\"lazy\" decoding=\"async\" width=\"150\" height=\"150\" src=\"https:\/\/dominicanemotion.com\/wp-content\/uploads\/2023\/08\/1692194214136-150x150.jpg\" class=\"attachment-thumbnail size-thumbnail\" alt=\"\" \/><\/a>\n\t\t\t<\/dt><\/dl>\n\t\t\t<br style='clear: both' \/>\n\t\t<\/div>\n\n<p>&nbsp;<\/p>\n<p><strong>Informazioni e prenotazioni<\/strong><\/p>\n<p><a href=\"https:\/\/api.whatsapp.com\/send?phone=18098979270\"><img loading=\"lazy\" decoding=\"async\" src=\"\/wp-content\/uploads\/2017\/12\/whatsapp-chat.jpg\" alt=\"WhatsApp Chat\" width=\"300\" height=\"70\" border=\"0\" \/><\/a><\/p>","protected":false},"excerpt":{"rendered":"<p>Chez Dominicaine Emotion, nous r\u00e9alisons votre R\u00caVE !!! Mariage carib\u00e9en ! Vous souhaitez vous marier ou renouveler vos v\u0153ux de mariage sur l&rsquo;\u00eele de Saona ? Faites-nous confiance! Ce que nous offrons: \u2013 Catamaran priv\u00e9 \u2013 C\u00e9l\u00e9bration sur la plage \u2013 Gazebo d\u00e9cor\u00e9 &#8211; Bouquet de la mari\u00e9e \u2013 D\u00e9jeuner sur la plage avec du homard dans un espace VIP r\u00e9serv\u00e9 \u2013 Animations \u2013 Photo et vid\u00e9o \u2013 Boissons incluses (vin, bi\u00e8re, coca, sprite, rhum, eau, caf\u00e9) &nbsp; Informazioni e prenotazioni<\/p>\n","protected":false},"author":1,"featured_media":0,"parent":789,"menu_order":0,"comment_status":"closed","ping_status":"closed","template":"","meta":{"footnotes":""},"class_list":["post-847","page","type-page","status-publish","hentry"],"yoast_head":"<!-- This site is optimized with the Yoast SEO plugin v27.3 - https:\/\/yoast.com\/product\/yoast-seo-wordpress\/ -->\n<title>Mariage sur l&#039;\u00eele de Saona - Dominican Emotion<\/title>\n<meta name=\"robots\" content=\"index, follow, max-snippet:-1, max-image-preview:large, max-video-preview:-1\" \/>\n<link rel=\"canonical\" href=\"https:\/\/dominicanemotion.com\/servizi\/matrimonio-a-saona\/\" \/>\n<meta property=\"og:locale\" content=\"fr_FR\" \/>\n<meta property=\"og:type\" content=\"article\" \/>\n<meta property=\"og:title\" content=\"[:it]Matrimonio a Saona[:en]Wedding on Saona island[:es]Boda en la isla Saona[:fr]Mariage sur l&#039;\u00eele de Saona[:ru]\u0421\u0432\u0430\u0434\u044c\u0431\u0430 \u043d\u0430 \u043e\u0441\u0442\u0440\u043e\u0432\u0435 \u0421\u0430\u043e\u043d\u0430[:] - Dominican Emotion\" \/>\n<meta property=\"og:description\" content=\"Chez Dominicaine Emotion, nous r\u00e9alisons votre R\u00caVE !!! Mariage carib\u00e9en ! Vous souhaitez vous marier ou renouveler vos v\u0153ux de mariage sur l&rsquo;\u00eele de Saona ? Faites-nous confiance! Ce que nous offrons: \u2013 Catamaran priv\u00e9 \u2013 C\u00e9l\u00e9bration sur la plage \u2013 Gazebo d\u00e9cor\u00e9 &#8211; Bouquet de la mari\u00e9e \u2013 D\u00e9jeuner sur la plage avec du homard dans un espace VIP r\u00e9serv\u00e9 \u2013 Animations \u2013 Photo et vid\u00e9o \u2013 Boissons incluses (vin, bi\u00e8re, coca, sprite, rhum, eau, caf\u00e9) &nbsp; Informazioni e prenotazioni\" \/>\n<meta property=\"og:url\" content=\"https:\/\/dominicanemotion.com\/servizi\/matrimonio-a-saona\/\" \/>\n<meta property=\"og:site_name\" content=\"Dominican Emotion\" \/>\n<meta property=\"article:modified_time\" content=\"2023-09-25T15:58:44+00:00\" \/>\n<meta property=\"og:image\" content=\"https:\/\/dominicanemotion.com\/wp-content\/uploads\/2023\/08\/1692194214160-150x150.jpg\" \/>\n<meta name=\"twitter:card\" content=\"summary_large_image\" \/>\n<meta name=\"twitter:label1\" content=\"Dur\u00e9e de lecture estim\u00e9e\" \/>\n\t<meta name=\"twitter:data1\" content=\"2 minutes\" \/>\n<script type=\"application\/ld+json\" class=\"yoast-schema-graph\">{\"@context\":\"https:\\\/\\\/schema.org\",\"@graph\":[{\"@type\":\"WebPage\",\"@id\":\"https:\\\/\\\/dominicanemotion.com\\\/servizi\\\/matrimonio-a-saona\\\/\",\"url\":\"https:\\\/\\\/dominicanemotion.com\\\/servizi\\\/matrimonio-a-saona\\\/\",\"name\":\"[:it]Matrimonio a Saona[:en]Wedding on Saona island[:es]Boda en la isla Saona[:fr]Mariage sur l'\u00eele de Saona[:ru]\u0421\u0432\u0430\u0434\u044c\u0431\u0430 \u043d\u0430 \u043e\u0441\u0442\u0440\u043e\u0432\u0435 \u0421\u0430\u043e\u043d\u0430[:] - Dominican Emotion\",\"isPartOf\":{\"@id\":\"https:\\\/\\\/dominicanemotion.com\\\/ru\\\/#website\"},\"primaryImageOfPage\":{\"@id\":\"https:\\\/\\\/dominicanemotion.com\\\/servizi\\\/matrimonio-a-saona\\\/#primaryimage\"},\"image\":{\"@id\":\"https:\\\/\\\/dominicanemotion.com\\\/servizi\\\/matrimonio-a-saona\\\/#primaryimage\"},\"thumbnailUrl\":\"https:\\\/\\\/dominicanemotion.com\\\/wp-content\\\/uploads\\\/2023\\\/08\\\/1692194214136.jpg\",\"datePublished\":\"2023-08-25T12:33:59+00:00\",\"dateModified\":\"2023-09-25T15:58:44+00:00\",\"breadcrumb\":{\"@id\":\"https:\\\/\\\/dominicanemotion.com\\\/servizi\\\/matrimonio-a-saona\\\/#breadcrumb\"},\"inLanguage\":\"fr-FR\",\"potentialAction\":[{\"@type\":\"ReadAction\",\"target\":[\"https:\\\/\\\/dominicanemotion.com\\\/servizi\\\/matrimonio-a-saona\\\/\"]}]},{\"@type\":\"ImageObject\",\"inLanguage\":\"fr-FR\",\"@id\":\"https:\\\/\\\/dominicanemotion.com\\\/servizi\\\/matrimonio-a-saona\\\/#primaryimage\",\"url\":\"https:\\\/\\\/dominicanemotion.com\\\/wp-content\\\/uploads\\\/2023\\\/08\\\/1692194214136.jpg\",\"contentUrl\":\"https:\\\/\\\/dominicanemotion.com\\\/wp-content\\\/uploads\\\/2023\\\/08\\\/1692194214136.jpg\"},{\"@type\":\"BreadcrumbList\",\"@id\":\"https:\\\/\\\/dominicanemotion.com\\\/servizi\\\/matrimonio-a-saona\\\/#breadcrumb\",\"itemListElement\":[{\"@type\":\"ListItem\",\"position\":1,\"name\":\"Home\",\"item\":\"https:\\\/\\\/dominicanemotion.com\\\/\"},{\"@type\":\"ListItem\",\"position\":2,\"name\":\"Servizi\",\"item\":\"https:\\\/\\\/dominicanemotion.com\\\/servizi\\\/\"},{\"@type\":\"ListItem\",\"position\":3,\"name\":\"Matrimonio a Saona\"}]},{\"@type\":\"WebSite\",\"@id\":\"https:\\\/\\\/dominicanemotion.com\\\/ru\\\/#website\",\"url\":\"https:\\\/\\\/dominicanemotion.com\\\/ru\\\/\",\"name\":\"Dominican Emotion\",\"description\":\"Le migliori escursioni della Repubblica Dominicana con partenza da Bayahibe, La Romana.\",\"potentialAction\":[{\"@type\":\"SearchAction\",\"target\":{\"@type\":\"EntryPoint\",\"urlTemplate\":\"https:\\\/\\\/dominicanemotion.com\\\/ru\\\/?s={search_term_string}\"},\"query-input\":{\"@type\":\"PropertyValueSpecification\",\"valueRequired\":true,\"valueName\":\"search_term_string\"}}],\"inLanguage\":\"fr-FR\"}]}<\/script>\n<!-- \/ Yoast SEO plugin. -->","yoast_head_json":{"title":"[:it]Matrimonio a Saona[:en]Wedding on Saona island[:es]Boda en la isla Saona[:fr]Mariage sur l'\u00eele de Saona[:ru]\u0421\u0432\u0430\u0434\u044c\u0431\u0430 \u043d\u0430 \u043e\u0441\u0442\u0440\u043e\u0432\u0435 \u0421\u0430\u043e\u043d\u0430[:] - Dominican Emotion","robots":{"index":"index","follow":"follow","max-snippet":"max-snippet:-1","max-image-preview":"max-image-preview:large","max-video-preview":"max-video-preview:-1"},"canonical":"https:\/\/dominicanemotion.com\/servizi\/matrimonio-a-saona\/","og_locale":"fr_FR","og_type":"article","og_title":"[:it]Matrimonio a Saona[:en]Wedding on Saona island[:es]Boda en la isla Saona[:fr]Mariage sur l'\u00eele de Saona[:ru]\u0421\u0432\u0430\u0434\u044c\u0431\u0430 \u043d\u0430 \u043e\u0441\u0442\u0440\u043e\u0432\u0435 \u0421\u0430\u043e\u043d\u0430[:] - Dominican Emotion","og_description":"Chez Dominicaine Emotion, nous r\u00e9alisons votre R\u00caVE !!! Mariage carib\u00e9en ! Vous souhaitez vous marier ou renouveler vos v\u0153ux de mariage sur l&rsquo;\u00eele de Saona ? Faites-nous confiance! Ce que nous offrons: \u2013 Catamaran priv\u00e9 \u2013 C\u00e9l\u00e9bration sur la plage \u2013 Gazebo d\u00e9cor\u00e9 &#8211; Bouquet de la mari\u00e9e \u2013 D\u00e9jeuner sur la plage avec du homard dans un espace VIP r\u00e9serv\u00e9 \u2013 Animations \u2013 Photo et vid\u00e9o \u2013 Boissons incluses (vin, bi\u00e8re, coca, sprite, rhum, eau, caf\u00e9) &nbsp; Informazioni e prenotazioni","og_url":"https:\/\/dominicanemotion.com\/servizi\/matrimonio-a-saona\/","og_site_name":"Dominican Emotion","article_modified_time":"2023-09-25T15:58:44+00:00","og_image":[{"url":"https:\/\/dominicanemotion.com\/wp-content\/uploads\/2023\/08\/1692194214160-150x150.jpg","type":"","width":"","height":""}],"twitter_card":"summary_large_image","twitter_misc":{"Dur\u00e9e de lecture estim\u00e9e":"2 minutes"},"schema":{"@context":"https:\/\/schema.org","@graph":[{"@type":"WebPage","@id":"https:\/\/dominicanemotion.com\/servizi\/matrimonio-a-saona\/","url":"https:\/\/dominicanemotion.com\/servizi\/matrimonio-a-saona\/","name":"[:it]Matrimonio a Saona[:en]Wedding on Saona island[:es]Boda en la isla Saona[:fr]Mariage sur l'\u00eele de Saona[:ru]\u0421\u0432\u0430\u0434\u044c\u0431\u0430 \u043d\u0430 \u043e\u0441\u0442\u0440\u043e\u0432\u0435 \u0421\u0430\u043e\u043d\u0430[:] - Dominican Emotion","isPartOf":{"@id":"https:\/\/dominicanemotion.com\/ru\/#website"},"primaryImageOfPage":{"@id":"https:\/\/dominicanemotion.com\/servizi\/matrimonio-a-saona\/#primaryimage"},"image":{"@id":"https:\/\/dominicanemotion.com\/servizi\/matrimonio-a-saona\/#primaryimage"},"thumbnailUrl":"https:\/\/dominicanemotion.com\/wp-content\/uploads\/2023\/08\/1692194214136.jpg","datePublished":"2023-08-25T12:33:59+00:00","dateModified":"2023-09-25T15:58:44+00:00","breadcrumb":{"@id":"https:\/\/dominicanemotion.com\/servizi\/matrimonio-a-saona\/#breadcrumb"},"inLanguage":"fr-FR","potentialAction":[{"@type":"ReadAction","target":["https:\/\/dominicanemotion.com\/servizi\/matrimonio-a-saona\/"]}]},{"@type":"ImageObject","inLanguage":"fr-FR","@id":"https:\/\/dominicanemotion.com\/servizi\/matrimonio-a-saona\/#primaryimage","url":"https:\/\/dominicanemotion.com\/wp-content\/uploads\/2023\/08\/1692194214136.jpg","contentUrl":"https:\/\/dominicanemotion.com\/wp-content\/uploads\/2023\/08\/1692194214136.jpg"},{"@type":"BreadcrumbList","@id":"https:\/\/dominicanemotion.com\/servizi\/matrimonio-a-saona\/#breadcrumb","itemListElement":[{"@type":"ListItem","position":1,"name":"Home","item":"https:\/\/dominicanemotion.com\/"},{"@type":"ListItem","position":2,"name":"Servizi","item":"https:\/\/dominicanemotion.com\/servizi\/"},{"@type":"ListItem","position":3,"name":"Matrimonio a Saona"}]},{"@type":"WebSite","@id":"https:\/\/dominicanemotion.com\/ru\/#website","url":"https:\/\/dominicanemotion.com\/ru\/","name":"Dominican Emotion","description":"Le migliori escursioni della Repubblica Dominicana con partenza da Bayahibe, La Romana.","potentialAction":[{"@type":"SearchAction","target":{"@type":"EntryPoint","urlTemplate":"https:\/\/dominicanemotion.com\/ru\/?s={search_term_string}"},"query-input":{"@type":"PropertyValueSpecification","valueRequired":true,"valueName":"search_term_string"}}],"inLanguage":"fr-FR"}]}},"_links":{"self":[{"href":"https:\/\/dominicanemotion.com\/fr\/wp-json\/wp\/v2\/pages\/847","targetHints":{"allow":["GET"]}}],"collection":[{"href":"https:\/\/dominicanemotion.com\/fr\/wp-json\/wp\/v2\/pages"}],"about":[{"href":"https:\/\/dominicanemotion.com\/fr\/wp-json\/wp\/v2\/types\/page"}],"author":[{"embeddable":true,"href":"https:\/\/dominicanemotion.com\/fr\/wp-json\/wp\/v2\/users\/1"}],"replies":[{"embeddable":true,"href":"https:\/\/dominicanemotion.com\/fr\/wp-json\/wp\/v2\/comments?post=847"}],"version-history":[{"count":18,"href":"https:\/\/dominicanemotion.com\/fr\/wp-json\/wp\/v2\/pages\/847\/revisions"}],"predecessor-version":[{"id":878,"href":"https:\/\/dominicanemotion.com\/fr\/wp-json\/wp\/v2\/pages\/847\/revisions\/878"}],"up":[{"embeddable":true,"href":"https:\/\/dominicanemotion.com\/fr\/wp-json\/wp\/v2\/pages\/789"}],"wp:attachment":[{"href":"https:\/\/dominicanemotion.com\/fr\/wp-json\/wp\/v2\/media?parent=847"}],"curies":[{"name":"wp","href":"https:\/\/api.w.org\/{rel}","templated":true}]}}