{"id":732,"date":"2023-06-13T14:53:39","date_gmt":"2023-06-13T14:53:39","guid":{"rendered":"https:\/\/dominicanemotion.com\/?page_id=732"},"modified":"2023-08-05T15:42:30","modified_gmt":"2023-08-05T15:42:30","slug":"pesca","status":"publish","type":"page","link":"https:\/\/dominicanemotion.com\/fr\/servizi\/pesca\/","title":{"rendered":"P\u00eache"},"content":{"rendered":"<p><a href=\"https:\/\/dominicanemotion.com\/wp-content\/uploads\/2023\/08\/pesca.jpg\" data-rel=\"lightbox-image-0\" data-rl_title=\"\" data-rl_caption=\"\" title=\"\"><img loading=\"lazy\" decoding=\"async\" class=\"alignnone size-full wp-image-822\" src=\"https:\/\/dominicanemotion.com\/wp-content\/uploads\/2023\/08\/pesca.jpg\" alt=\"\" width=\"1200\" height=\"800\" srcset=\"https:\/\/dominicanemotion.com\/wp-content\/uploads\/2023\/08\/pesca.jpg 1200w, https:\/\/dominicanemotion.com\/wp-content\/uploads\/2023\/08\/pesca-300x200.jpg 300w, https:\/\/dominicanemotion.com\/wp-content\/uploads\/2023\/08\/pesca-1024x683.jpg 1024w, https:\/\/dominicanemotion.com\/wp-content\/uploads\/2023\/08\/pesca-768x512.jpg 768w\" sizes=\"auto, (max-width: 1200px) 100vw, 1200px\" \/><\/a><\/p>\n<p><strong>P\u00caCHE<\/strong><br \/>\nSi vous cherchez de la p\u00eache sportive \u00e0 Bayahibe, nous avons une solution ! R\u00e9servez votre excursion en bateau d&rsquo;une demi-journ\u00e9e avec nous, accompagn\u00e9 d&rsquo;un p\u00eacheur local professionnel.<\/p>\n<p><a href=\"https:\/\/wa.me\/c\/18098979270\"><img loading=\"lazy\" decoding=\"async\" class=\"alignnone size-full wp-image-105\" src=\"https:\/\/dominicanemotion.com\/wp-content\/uploads\/2017\/12\/whatsapp-chat.jpg\" alt=\"\" width=\"300\" height=\"70\" \/><\/a><\/p>","protected":false},"excerpt":{"rendered":"<p>P\u00caCHE Si vous cherchez de la p\u00eache sportive \u00e0 Bayahibe, nous avons une solution ! R\u00e9servez votre excursion en bateau d&rsquo;une demi-journ\u00e9e avec nous, accompagn\u00e9 d&rsquo;un p\u00eacheur local professionnel.<\/p>\n","protected":false},"author":2,"featured_media":0,"parent":789,"menu_order":0,"comment_status":"closed","ping_status":"closed","template":"","meta":{"footnotes":""},"class_list":["post-732","page","type-page","status-publish","hentry"],"yoast_head":"<!-- This site is optimized with the Yoast SEO plugin v27.3 - https:\/\/yoast.com\/product\/yoast-seo-wordpress\/ -->\n<title>P\u00eache - Dominican Emotion<\/title>\n<meta name=\"robots\" content=\"index, follow, max-snippet:-1, max-image-preview:large, max-video-preview:-1\" \/>\n<link rel=\"canonical\" href=\"https:\/\/dominicanemotion.com\/pesca\/\" \/>\n<meta property=\"og:locale\" content=\"fr_FR\" \/>\n<meta property=\"og:type\" content=\"article\" \/>\n<meta property=\"og:title\" content=\"[:it]Pesca[:en]Fishing[:es]Pesca[:fr]P\u00eache[:ru]\u0420\u044b\u0431\u0430\u043b\u043a\u0430[:] - Dominican Emotion\" \/>\n<meta property=\"og:description\" content=\"P\u00caCHE Si vous cherchez de la p\u00eache sportive \u00e0 Bayahibe, nous avons une solution ! R\u00e9servez votre excursion en bateau d&rsquo;une demi-journ\u00e9e avec nous, accompagn\u00e9 d&rsquo;un p\u00eacheur local professionnel.\" \/>\n<meta property=\"og:url\" content=\"https:\/\/dominicanemotion.com\/pesca\/\" \/>\n<meta property=\"og:site_name\" content=\"Dominican Emotion\" \/>\n<meta property=\"article:modified_time\" content=\"2023-08-05T15:42:30+00:00\" \/>\n<meta property=\"og:image\" content=\"https:\/\/dominicanemotion.com\/wp-content\/uploads\/2017\/12\/G0034441-copy-min.jpg\" \/>\n\t<meta property=\"og:image:width\" content=\"1000\" \/>\n\t<meta property=\"og:image:height\" content=\"750\" \/>\n\t<meta property=\"og:image:type\" content=\"image\/jpeg\" \/>\n<meta name=\"twitter:card\" content=\"summary_large_image\" \/>\n<meta name=\"twitter:label1\" content=\"Dur\u00e9e de lecture estim\u00e9e\" \/>\n\t<meta name=\"twitter:data1\" content=\"1 minute\" \/>\n<script type=\"application\/ld+json\" class=\"yoast-schema-graph\">{\"@context\":\"https:\\\/\\\/schema.org\",\"@graph\":[{\"@type\":\"WebPage\",\"@id\":\"https:\\\/\\\/dominicanemotion.com\\\/pesca\\\/\",\"url\":\"https:\\\/\\\/dominicanemotion.com\\\/pesca\\\/\",\"name\":\"[:it]Pesca[:en]Fishing[:es]Pesca[:fr]P\u00eache[:ru]\u0420\u044b\u0431\u0430\u043b\u043a\u0430[:] - Dominican Emotion\",\"isPartOf\":{\"@id\":\"https:\\\/\\\/dominicanemotion.com\\\/ru\\\/#website\"},\"primaryImageOfPage\":{\"@id\":\"https:\\\/\\\/dominicanemotion.com\\\/pesca\\\/#primaryimage\"},\"image\":{\"@id\":\"https:\\\/\\\/dominicanemotion.com\\\/pesca\\\/#primaryimage\"},\"thumbnailUrl\":\"https:\\\/\\\/dominicanemotion.com\\\/wp-content\\\/uploads\\\/2023\\\/08\\\/pesca.jpg\",\"datePublished\":\"2023-06-13T14:53:39+00:00\",\"dateModified\":\"2023-08-05T15:42:30+00:00\",\"breadcrumb\":{\"@id\":\"https:\\\/\\\/dominicanemotion.com\\\/pesca\\\/#breadcrumb\"},\"inLanguage\":\"fr-FR\",\"potentialAction\":[{\"@type\":\"ReadAction\",\"target\":[\"https:\\\/\\\/dominicanemotion.com\\\/pesca\\\/\"]}]},{\"@type\":\"ImageObject\",\"inLanguage\":\"fr-FR\",\"@id\":\"https:\\\/\\\/dominicanemotion.com\\\/pesca\\\/#primaryimage\",\"url\":\"https:\\\/\\\/dominicanemotion.com\\\/wp-content\\\/uploads\\\/2023\\\/08\\\/pesca.jpg\",\"contentUrl\":\"https:\\\/\\\/dominicanemotion.com\\\/wp-content\\\/uploads\\\/2023\\\/08\\\/pesca.jpg\"},{\"@type\":\"BreadcrumbList\",\"@id\":\"https:\\\/\\\/dominicanemotion.com\\\/pesca\\\/#breadcrumb\",\"itemListElement\":[{\"@type\":\"ListItem\",\"position\":1,\"name\":\"Home\",\"item\":\"https:\\\/\\\/dominicanemotion.com\\\/\"},{\"@type\":\"ListItem\",\"position\":2,\"name\":\"Pesca\"}]},{\"@type\":\"WebSite\",\"@id\":\"https:\\\/\\\/dominicanemotion.com\\\/ru\\\/#website\",\"url\":\"https:\\\/\\\/dominicanemotion.com\\\/ru\\\/\",\"name\":\"Dominican Emotion\",\"description\":\"Le migliori escursioni della Repubblica Dominicana con partenza da Bayahibe, La Romana.\",\"potentialAction\":[{\"@type\":\"SearchAction\",\"target\":{\"@type\":\"EntryPoint\",\"urlTemplate\":\"https:\\\/\\\/dominicanemotion.com\\\/ru\\\/?s={search_term_string}\"},\"query-input\":{\"@type\":\"PropertyValueSpecification\",\"valueRequired\":true,\"valueName\":\"search_term_string\"}}],\"inLanguage\":\"fr-FR\"}]}<\/script>\n<!-- \/ Yoast SEO plugin. -->","yoast_head_json":{"title":"[:it]Pesca[:en]Fishing[:es]Pesca[:fr]P\u00eache[:ru]\u0420\u044b\u0431\u0430\u043b\u043a\u0430[:] - Dominican Emotion","robots":{"index":"index","follow":"follow","max-snippet":"max-snippet:-1","max-image-preview":"max-image-preview:large","max-video-preview":"max-video-preview:-1"},"canonical":"https:\/\/dominicanemotion.com\/pesca\/","og_locale":"fr_FR","og_type":"article","og_title":"[:it]Pesca[:en]Fishing[:es]Pesca[:fr]P\u00eache[:ru]\u0420\u044b\u0431\u0430\u043b\u043a\u0430[:] - Dominican Emotion","og_description":"P\u00caCHE Si vous cherchez de la p\u00eache sportive \u00e0 Bayahibe, nous avons une solution ! R\u00e9servez votre excursion en bateau d&rsquo;une demi-journ\u00e9e avec nous, accompagn\u00e9 d&rsquo;un p\u00eacheur local professionnel.","og_url":"https:\/\/dominicanemotion.com\/pesca\/","og_site_name":"Dominican Emotion","article_modified_time":"2023-08-05T15:42:30+00:00","og_image":[{"width":1000,"height":750,"url":"https:\/\/dominicanemotion.com\/wp-content\/uploads\/2017\/12\/G0034441-copy-min.jpg","type":"image\/jpeg"}],"twitter_card":"summary_large_image","twitter_misc":{"Dur\u00e9e de lecture estim\u00e9e":"1 minute"},"schema":{"@context":"https:\/\/schema.org","@graph":[{"@type":"WebPage","@id":"https:\/\/dominicanemotion.com\/pesca\/","url":"https:\/\/dominicanemotion.com\/pesca\/","name":"[:it]Pesca[:en]Fishing[:es]Pesca[:fr]P\u00eache[:ru]\u0420\u044b\u0431\u0430\u043b\u043a\u0430[:] - Dominican Emotion","isPartOf":{"@id":"https:\/\/dominicanemotion.com\/ru\/#website"},"primaryImageOfPage":{"@id":"https:\/\/dominicanemotion.com\/pesca\/#primaryimage"},"image":{"@id":"https:\/\/dominicanemotion.com\/pesca\/#primaryimage"},"thumbnailUrl":"https:\/\/dominicanemotion.com\/wp-content\/uploads\/2023\/08\/pesca.jpg","datePublished":"2023-06-13T14:53:39+00:00","dateModified":"2023-08-05T15:42:30+00:00","breadcrumb":{"@id":"https:\/\/dominicanemotion.com\/pesca\/#breadcrumb"},"inLanguage":"fr-FR","potentialAction":[{"@type":"ReadAction","target":["https:\/\/dominicanemotion.com\/pesca\/"]}]},{"@type":"ImageObject","inLanguage":"fr-FR","@id":"https:\/\/dominicanemotion.com\/pesca\/#primaryimage","url":"https:\/\/dominicanemotion.com\/wp-content\/uploads\/2023\/08\/pesca.jpg","contentUrl":"https:\/\/dominicanemotion.com\/wp-content\/uploads\/2023\/08\/pesca.jpg"},{"@type":"BreadcrumbList","@id":"https:\/\/dominicanemotion.com\/pesca\/#breadcrumb","itemListElement":[{"@type":"ListItem","position":1,"name":"Home","item":"https:\/\/dominicanemotion.com\/"},{"@type":"ListItem","position":2,"name":"Pesca"}]},{"@type":"WebSite","@id":"https:\/\/dominicanemotion.com\/ru\/#website","url":"https:\/\/dominicanemotion.com\/ru\/","name":"Dominican Emotion","description":"Le migliori escursioni della Repubblica Dominicana con partenza da Bayahibe, La Romana.","potentialAction":[{"@type":"SearchAction","target":{"@type":"EntryPoint","urlTemplate":"https:\/\/dominicanemotion.com\/ru\/?s={search_term_string}"},"query-input":{"@type":"PropertyValueSpecification","valueRequired":true,"valueName":"search_term_string"}}],"inLanguage":"fr-FR"}]}},"_links":{"self":[{"href":"https:\/\/dominicanemotion.com\/fr\/wp-json\/wp\/v2\/pages\/732","targetHints":{"allow":["GET"]}}],"collection":[{"href":"https:\/\/dominicanemotion.com\/fr\/wp-json\/wp\/v2\/pages"}],"about":[{"href":"https:\/\/dominicanemotion.com\/fr\/wp-json\/wp\/v2\/types\/page"}],"author":[{"embeddable":true,"href":"https:\/\/dominicanemotion.com\/fr\/wp-json\/wp\/v2\/users\/2"}],"replies":[{"embeddable":true,"href":"https:\/\/dominicanemotion.com\/fr\/wp-json\/wp\/v2\/comments?post=732"}],"version-history":[{"count":4,"href":"https:\/\/dominicanemotion.com\/fr\/wp-json\/wp\/v2\/pages\/732\/revisions"}],"predecessor-version":[{"id":841,"href":"https:\/\/dominicanemotion.com\/fr\/wp-json\/wp\/v2\/pages\/732\/revisions\/841"}],"up":[{"embeddable":true,"href":"https:\/\/dominicanemotion.com\/fr\/wp-json\/wp\/v2\/pages\/789"}],"wp:attachment":[{"href":"https:\/\/dominicanemotion.com\/fr\/wp-json\/wp\/v2\/media?parent=732"}],"curies":[{"name":"wp","href":"https:\/\/api.w.org\/{rel}","templated":true}]}}