{"id":719,"date":"2023-06-12T22:49:28","date_gmt":"2023-06-12T22:49:28","guid":{"rendered":"https:\/\/dominicanemotion.com\/?page_id=719"},"modified":"2023-08-05T15:49:15","modified_gmt":"2023-08-05T15:49:15","slug":"trasferimeti","status":"publish","type":"page","link":"https:\/\/dominicanemotion.com\/fr\/servizi\/trasferimeti\/","title":{"rendered":"Transferts"},"content":{"rendered":"<p><a href=\"https:\/\/dominicanemotion.com\/wp-content\/uploads\/2023\/08\/trasferimenti.jpg\" data-rel=\"lightbox-image-0\" data-rl_title=\"\" data-rl_caption=\"\" title=\"\"><img loading=\"lazy\" decoding=\"async\" class=\"alignnone size-full wp-image-828\" src=\"https:\/\/dominicanemotion.com\/wp-content\/uploads\/2023\/08\/trasferimenti.jpg\" alt=\"\" width=\"1200\" height=\"800\" srcset=\"https:\/\/dominicanemotion.com\/wp-content\/uploads\/2023\/08\/trasferimenti.jpg 1200w, https:\/\/dominicanemotion.com\/wp-content\/uploads\/2023\/08\/trasferimenti-300x200.jpg 300w, https:\/\/dominicanemotion.com\/wp-content\/uploads\/2023\/08\/trasferimenti-1024x683.jpg 1024w, https:\/\/dominicanemotion.com\/wp-content\/uploads\/2023\/08\/trasferimenti-768x512.jpg 768w\" sizes=\"auto, (max-width: 1200px) 100vw, 1200px\" \/><\/a><\/p>\n<p><strong>TRANSFERTS<\/strong><br \/>\nR\u00e9servez votre transfert depuis et vers les principaux a\u00e9roports de la R\u00e9publique Dominicaine avec notre compagnie \u00e0 Bayahibe.<\/p>\n<p>A\u00e9roport La Romana \u2013 Bayahibe (15 minutes)<br \/>\nA\u00e9roport de Punta Cana \u2013 Bayahibe (50 minutes)<br \/>\nA\u00e9roport de Saint-Domingue (Las Americas) \u2013 Bayahibe (90 minutes)<\/p>\n<p><a href=\"https:\/\/wa.me\/c\/18098979270\"><img loading=\"lazy\" decoding=\"async\" class=\"alignnone size-full wp-image-105\" src=\"https:\/\/dominicanemotion.com\/wp-content\/uploads\/2017\/12\/whatsapp-chat.jpg\" alt=\"\" width=\"300\" height=\"70\" \/><\/a><\/p>","protected":false},"excerpt":{"rendered":"<p>TRANSFERTS R\u00e9servez votre transfert depuis et vers les principaux a\u00e9roports de la R\u00e9publique Dominicaine avec notre compagnie \u00e0 Bayahibe. A\u00e9roport La Romana \u2013 Bayahibe (15 minutes) A\u00e9roport de Punta Cana \u2013 Bayahibe (50 minutes) A\u00e9roport de Saint-Domingue (Las Americas) \u2013 Bayahibe (90 minutes)<\/p>\n","protected":false},"author":2,"featured_media":0,"parent":789,"menu_order":0,"comment_status":"closed","ping_status":"closed","template":"","meta":{"footnotes":""},"class_list":["post-719","page","type-page","status-publish","hentry"],"yoast_head":"<!-- This site is optimized with the Yoast SEO plugin v27.3 - https:\/\/yoast.com\/product\/yoast-seo-wordpress\/ -->\n<title>Transferts - Dominican Emotion<\/title>\n<meta name=\"robots\" content=\"index, follow, max-snippet:-1, max-image-preview:large, max-video-preview:-1\" \/>\n<link rel=\"canonical\" href=\"https:\/\/dominicanemotion.com\/trasferimeti\/\" \/>\n<meta property=\"og:locale\" content=\"fr_FR\" \/>\n<meta property=\"og:type\" content=\"article\" \/>\n<meta property=\"og:title\" content=\"[:it]Trasferimeti[:en]Transfers[:es]Traslados[:fr]Transferts[:ru]\u0422\u0440\u0430\u043d\u0441\u0444\u0435\u0440\u044b[:] - Dominican Emotion\" \/>\n<meta property=\"og:description\" content=\"TRANSFERTS R\u00e9servez votre transfert depuis et vers les principaux a\u00e9roports de la R\u00e9publique Dominicaine avec notre compagnie \u00e0 Bayahibe. A\u00e9roport La Romana \u2013 Bayahibe (15 minutes) A\u00e9roport de Punta Cana \u2013 Bayahibe (50 minutes) A\u00e9roport de Saint-Domingue (Las Americas) \u2013 Bayahibe (90 minutes)\" \/>\n<meta property=\"og:url\" content=\"https:\/\/dominicanemotion.com\/trasferimeti\/\" \/>\n<meta property=\"og:site_name\" content=\"Dominican Emotion\" \/>\n<meta property=\"article:modified_time\" content=\"2023-08-05T15:49:15+00:00\" \/>\n<meta property=\"og:image\" content=\"https:\/\/dominicanemotion.com\/wp-content\/uploads\/2017\/12\/G0034441-copy-min.jpg\" \/>\n\t<meta property=\"og:image:width\" content=\"1000\" \/>\n\t<meta property=\"og:image:height\" content=\"750\" \/>\n\t<meta property=\"og:image:type\" content=\"image\/jpeg\" \/>\n<meta name=\"twitter:card\" content=\"summary_large_image\" \/>\n<meta name=\"twitter:label1\" content=\"Dur\u00e9e de lecture estim\u00e9e\" \/>\n\t<meta name=\"twitter:data1\" content=\"1 minute\" \/>\n<script type=\"application\/ld+json\" class=\"yoast-schema-graph\">{\"@context\":\"https:\\\/\\\/schema.org\",\"@graph\":[{\"@type\":\"WebPage\",\"@id\":\"https:\\\/\\\/dominicanemotion.com\\\/trasferimeti\\\/\",\"url\":\"https:\\\/\\\/dominicanemotion.com\\\/trasferimeti\\\/\",\"name\":\"[:it]Trasferimeti[:en]Transfers[:es]Traslados[:fr]Transferts[:ru]\u0422\u0440\u0430\u043d\u0441\u0444\u0435\u0440\u044b[:] - Dominican Emotion\",\"isPartOf\":{\"@id\":\"https:\\\/\\\/dominicanemotion.com\\\/ru\\\/#website\"},\"primaryImageOfPage\":{\"@id\":\"https:\\\/\\\/dominicanemotion.com\\\/trasferimeti\\\/#primaryimage\"},\"image\":{\"@id\":\"https:\\\/\\\/dominicanemotion.com\\\/trasferimeti\\\/#primaryimage\"},\"thumbnailUrl\":\"https:\\\/\\\/dominicanemotion.com\\\/wp-content\\\/uploads\\\/2023\\\/08\\\/trasferimenti.jpg\",\"datePublished\":\"2023-06-12T22:49:28+00:00\",\"dateModified\":\"2023-08-05T15:49:15+00:00\",\"breadcrumb\":{\"@id\":\"https:\\\/\\\/dominicanemotion.com\\\/trasferimeti\\\/#breadcrumb\"},\"inLanguage\":\"fr-FR\",\"potentialAction\":[{\"@type\":\"ReadAction\",\"target\":[\"https:\\\/\\\/dominicanemotion.com\\\/trasferimeti\\\/\"]}]},{\"@type\":\"ImageObject\",\"inLanguage\":\"fr-FR\",\"@id\":\"https:\\\/\\\/dominicanemotion.com\\\/trasferimeti\\\/#primaryimage\",\"url\":\"https:\\\/\\\/dominicanemotion.com\\\/wp-content\\\/uploads\\\/2023\\\/08\\\/trasferimenti.jpg\",\"contentUrl\":\"https:\\\/\\\/dominicanemotion.com\\\/wp-content\\\/uploads\\\/2023\\\/08\\\/trasferimenti.jpg\"},{\"@type\":\"BreadcrumbList\",\"@id\":\"https:\\\/\\\/dominicanemotion.com\\\/trasferimeti\\\/#breadcrumb\",\"itemListElement\":[{\"@type\":\"ListItem\",\"position\":1,\"name\":\"Home\",\"item\":\"https:\\\/\\\/dominicanemotion.com\\\/\"},{\"@type\":\"ListItem\",\"position\":2,\"name\":\"Trasferimeti\"}]},{\"@type\":\"WebSite\",\"@id\":\"https:\\\/\\\/dominicanemotion.com\\\/ru\\\/#website\",\"url\":\"https:\\\/\\\/dominicanemotion.com\\\/ru\\\/\",\"name\":\"Dominican Emotion\",\"description\":\"Le migliori escursioni della Repubblica Dominicana con partenza da Bayahibe, La Romana.\",\"potentialAction\":[{\"@type\":\"SearchAction\",\"target\":{\"@type\":\"EntryPoint\",\"urlTemplate\":\"https:\\\/\\\/dominicanemotion.com\\\/ru\\\/?s={search_term_string}\"},\"query-input\":{\"@type\":\"PropertyValueSpecification\",\"valueRequired\":true,\"valueName\":\"search_term_string\"}}],\"inLanguage\":\"fr-FR\"}]}<\/script>\n<!-- \/ Yoast SEO plugin. -->","yoast_head_json":{"title":"[:it]Trasferimeti[:en]Transfers[:es]Traslados[:fr]Transferts[:ru]\u0422\u0440\u0430\u043d\u0441\u0444\u0435\u0440\u044b[:] - Dominican Emotion","robots":{"index":"index","follow":"follow","max-snippet":"max-snippet:-1","max-image-preview":"max-image-preview:large","max-video-preview":"max-video-preview:-1"},"canonical":"https:\/\/dominicanemotion.com\/trasferimeti\/","og_locale":"fr_FR","og_type":"article","og_title":"[:it]Trasferimeti[:en]Transfers[:es]Traslados[:fr]Transferts[:ru]\u0422\u0440\u0430\u043d\u0441\u0444\u0435\u0440\u044b[:] - Dominican Emotion","og_description":"TRANSFERTS R\u00e9servez votre transfert depuis et vers les principaux a\u00e9roports de la R\u00e9publique Dominicaine avec notre compagnie \u00e0 Bayahibe. A\u00e9roport La Romana \u2013 Bayahibe (15 minutes) A\u00e9roport de Punta Cana \u2013 Bayahibe (50 minutes) A\u00e9roport de Saint-Domingue (Las Americas) \u2013 Bayahibe (90 minutes)","og_url":"https:\/\/dominicanemotion.com\/trasferimeti\/","og_site_name":"Dominican Emotion","article_modified_time":"2023-08-05T15:49:15+00:00","og_image":[{"width":1000,"height":750,"url":"https:\/\/dominicanemotion.com\/wp-content\/uploads\/2017\/12\/G0034441-copy-min.jpg","type":"image\/jpeg"}],"twitter_card":"summary_large_image","twitter_misc":{"Dur\u00e9e de lecture estim\u00e9e":"1 minute"},"schema":{"@context":"https:\/\/schema.org","@graph":[{"@type":"WebPage","@id":"https:\/\/dominicanemotion.com\/trasferimeti\/","url":"https:\/\/dominicanemotion.com\/trasferimeti\/","name":"[:it]Trasferimeti[:en]Transfers[:es]Traslados[:fr]Transferts[:ru]\u0422\u0440\u0430\u043d\u0441\u0444\u0435\u0440\u044b[:] - Dominican Emotion","isPartOf":{"@id":"https:\/\/dominicanemotion.com\/ru\/#website"},"primaryImageOfPage":{"@id":"https:\/\/dominicanemotion.com\/trasferimeti\/#primaryimage"},"image":{"@id":"https:\/\/dominicanemotion.com\/trasferimeti\/#primaryimage"},"thumbnailUrl":"https:\/\/dominicanemotion.com\/wp-content\/uploads\/2023\/08\/trasferimenti.jpg","datePublished":"2023-06-12T22:49:28+00:00","dateModified":"2023-08-05T15:49:15+00:00","breadcrumb":{"@id":"https:\/\/dominicanemotion.com\/trasferimeti\/#breadcrumb"},"inLanguage":"fr-FR","potentialAction":[{"@type":"ReadAction","target":["https:\/\/dominicanemotion.com\/trasferimeti\/"]}]},{"@type":"ImageObject","inLanguage":"fr-FR","@id":"https:\/\/dominicanemotion.com\/trasferimeti\/#primaryimage","url":"https:\/\/dominicanemotion.com\/wp-content\/uploads\/2023\/08\/trasferimenti.jpg","contentUrl":"https:\/\/dominicanemotion.com\/wp-content\/uploads\/2023\/08\/trasferimenti.jpg"},{"@type":"BreadcrumbList","@id":"https:\/\/dominicanemotion.com\/trasferimeti\/#breadcrumb","itemListElement":[{"@type":"ListItem","position":1,"name":"Home","item":"https:\/\/dominicanemotion.com\/"},{"@type":"ListItem","position":2,"name":"Trasferimeti"}]},{"@type":"WebSite","@id":"https:\/\/dominicanemotion.com\/ru\/#website","url":"https:\/\/dominicanemotion.com\/ru\/","name":"Dominican Emotion","description":"Le migliori escursioni della Repubblica Dominicana con partenza da Bayahibe, La Romana.","potentialAction":[{"@type":"SearchAction","target":{"@type":"EntryPoint","urlTemplate":"https:\/\/dominicanemotion.com\/ru\/?s={search_term_string}"},"query-input":{"@type":"PropertyValueSpecification","valueRequired":true,"valueName":"search_term_string"}}],"inLanguage":"fr-FR"}]}},"_links":{"self":[{"href":"https:\/\/dominicanemotion.com\/fr\/wp-json\/wp\/v2\/pages\/719","targetHints":{"allow":["GET"]}}],"collection":[{"href":"https:\/\/dominicanemotion.com\/fr\/wp-json\/wp\/v2\/pages"}],"about":[{"href":"https:\/\/dominicanemotion.com\/fr\/wp-json\/wp\/v2\/types\/page"}],"author":[{"embeddable":true,"href":"https:\/\/dominicanemotion.com\/fr\/wp-json\/wp\/v2\/users\/2"}],"replies":[{"embeddable":true,"href":"https:\/\/dominicanemotion.com\/fr\/wp-json\/wp\/v2\/comments?post=719"}],"version-history":[{"count":4,"href":"https:\/\/dominicanemotion.com\/fr\/wp-json\/wp\/v2\/pages\/719\/revisions"}],"predecessor-version":[{"id":842,"href":"https:\/\/dominicanemotion.com\/fr\/wp-json\/wp\/v2\/pages\/719\/revisions\/842"}],"up":[{"embeddable":true,"href":"https:\/\/dominicanemotion.com\/fr\/wp-json\/wp\/v2\/pages\/789"}],"wp:attachment":[{"href":"https:\/\/dominicanemotion.com\/fr\/wp-json\/wp\/v2\/media?parent=719"}],"curies":[{"name":"wp","href":"https:\/\/api.w.org\/{rel}","templated":true}]}}