{"id":41,"date":"2017-12-11T13:53:19","date_gmt":"2017-12-11T13:53:19","guid":{"rendered":"http:\/\/www.dominicanemotion.com\/?page_id=41"},"modified":"2023-07-20T13:07:34","modified_gmt":"2023-07-20T13:07:34","slug":"booking","status":"publish","type":"page","link":"https:\/\/dominicanemotion.com\/fr\/booking\/","title":{"rendered":"Qui sommes nous"},"content":{"rendered":"<p><\/p>\n<h1><img loading=\"lazy\" decoding=\"async\" class=\"alignnone wp-image-470 \" src=\"https:\/\/dominicanemotion.com\/wp-content\/uploads\/2021\/01\/barco-300x200.jpg\" alt=\"\" width=\"593\" height=\"395\" srcset=\"https:\/\/dominicanemotion.com\/wp-content\/uploads\/2021\/01\/barco-300x200.jpg 300w, https:\/\/dominicanemotion.com\/wp-content\/uploads\/2021\/01\/barco-1024x683.jpg 1024w, https:\/\/dominicanemotion.com\/wp-content\/uploads\/2021\/01\/barco-768x512.jpg 768w, https:\/\/dominicanemotion.com\/wp-content\/uploads\/2021\/01\/barco-1536x1024.jpg 1536w, https:\/\/dominicanemotion.com\/wp-content\/uploads\/2021\/01\/barco-2048x1365.jpg 2048w\" sizes=\"auto, (max-width: 593px) 100vw, 593px\" \/><\/h1>\n<h1><strong>Contactez-nous maintenant!<\/strong><\/h1>\n<p>Contactez-nous d\u00e8s maintenant pour r\u00e9server votre excursion afin de d\u00e9couvrir les endroits merveilleux qui caract\u00e9risent le territoire suggestif de la R\u00e9publique dominicaine. Un de nos op\u00e9rateurs sera toujours disponible pour organiser au mieux votre excursion et r\u00e9pondre \u00e0 toutes vos questions.<\/p>\n<div class=\"shortcode1-2 \"><p><span style=\"color: #ff0000;\"><strong>R\u00e9servez directement avec Facebook ou WhatsApp<\/strong><\/span><\/p>\n<p><a href=\"https:\/\/api.whatsapp.com\/send?phone=18098979270\"><img loading=\"lazy\" decoding=\"async\" src=\"\/wp-content\/uploads\/2017\/12\/whatsapp-chat.jpg\" alt=\"WhatsApp Chat\" width=\"300\" height=\"70\" border=\"0\" \/><\/a><\/p>\n<p><a href=\"https:\/\/m.me\/bayahibeholidays\/\"><img loading=\"lazy\" decoding=\"async\" src=\"\/wp-content\/uploads\/2017\/12\/facebook-chat.jpg\" alt=\"Facebook Chat\" width=\"300\" height=\"70\" border=\"0\" \/><\/a><\/p>\n<\/div>\n<div class=\"shortcode1-2 \"><h3 style=\"text-align: center;\"><strong>DOMINICAN EMOTION S.R.L.<\/strong><\/h3>\n<p style=\"text-align: center;\">AUTORIZZATO DAL MINISTERO DEL TURISMO DELLA REPUBBLICA DOMINICANA &#8211; <strong>RNC: 1-31-19997-6<\/strong><\/p>\n<\/div>\n<div class=\"shortcode1-2 \"><p><img loading=\"lazy\" decoding=\"async\" class=\"wp-image-129 aligncenter\" src=\"http:\/\/www.dominicanemotion.com\/wp-content\/uploads\/2017\/12\/Ministerio_de_Turismo_Republica_Dominicana.png\" alt=\"\" width=\"204\" height=\"127\" srcset=\"https:\/\/dominicanemotion.com\/wp-content\/uploads\/2017\/12\/Ministerio_de_Turismo_Republica_Dominicana.png 400w, https:\/\/dominicanemotion.com\/wp-content\/uploads\/2017\/12\/Ministerio_de_Turismo_Republica_Dominicana-300x188.png 300w\" sizes=\"auto, (max-width: 204px) 100vw, 204px\" \/><\/p>\n<\/div>\n\n\t\t<style type=\"text\/css\">\n\t\t\t#gallery-6 {\n\t\t\t\tmargin: auto;\n\t\t\t}\n\t\t\t#gallery-6 .gallery-item {\n\t\t\t\tfloat: left;\n\t\t\t\tmargin-top: 10px;\n\t\t\t\ttext-align: center;\n\t\t\t\twidth: 33%;\n\t\t\t}\n\t\t\t#gallery-6 img {\n\t\t\t\tborder: 2px solid #cfcfcf;\n\t\t\t}\n\t\t\t#gallery-6 .gallery-caption {\n\t\t\t\tmargin-left: 0;\n\t\t\t}\n\t\t\t\/* see gallery_shortcode() in wp-includes\/media.php *\/\n\t\t<\/style>\n\t\t<div id='gallery-6' class='gallery galleryid-41 gallery-columns-3 gallery-size-thumbnail'><dl class='gallery-item'>\n\t\t\t<dt class='gallery-icon landscape'>\n\t\t\t\t<a href='https:\/\/dominicanemotion.com\/wp-content\/uploads\/2021\/04\/FB_IMG_1611666923863.jpg' title=\"\" data-rl_title=\"\" class=\"rl-gallery-link\" data-rl_caption=\"\" data-rel=\"lightbox-gallery-6\"><img loading=\"lazy\" decoding=\"async\" width=\"150\" height=\"150\" src=\"https:\/\/dominicanemotion.com\/wp-content\/uploads\/2021\/04\/FB_IMG_1611666923863-150x150.jpg\" class=\"attachment-thumbnail size-thumbnail\" alt=\"\" \/><\/a>\n\t\t\t<\/dt><\/dl><dl class='gallery-item'>\n\t\t\t<dt class='gallery-icon landscape'>\n\t\t\t\t<a href='https:\/\/dominicanemotion.com\/wp-content\/uploads\/2021\/04\/IMG-20210105-WA0194-1.jpg' title=\"\" data-rl_title=\"\" class=\"rl-gallery-link\" data-rl_caption=\"\" data-rel=\"lightbox-gallery-6\"><img loading=\"lazy\" decoding=\"async\" width=\"150\" height=\"150\" src=\"https:\/\/dominicanemotion.com\/wp-content\/uploads\/2021\/04\/IMG-20210105-WA0194-1-150x150.jpg\" class=\"attachment-thumbnail size-thumbnail\" alt=\"\" \/><\/a>\n\t\t\t<\/dt><\/dl><dl class='gallery-item'>\n\t\t\t<dt class='gallery-icon landscape'>\n\t\t\t\t<a href='https:\/\/dominicanemotion.com\/wp-content\/uploads\/2021\/01\/Screen-Shot-2020-03-05-at-10.17.56-6-scaled.jpg' title=\"\" data-rl_title=\"\" class=\"rl-gallery-link\" data-rl_caption=\"\" data-rel=\"lightbox-gallery-6\"><img loading=\"lazy\" decoding=\"async\" width=\"150\" height=\"150\" src=\"https:\/\/dominicanemotion.com\/wp-content\/uploads\/2021\/01\/Screen-Shot-2020-03-05-at-10.17.56-6-150x150.jpg\" class=\"attachment-thumbnail size-thumbnail\" alt=\"\" \/><\/a>\n\t\t\t<\/dt><\/dl><br style=\"clear: both\" \/>\n\t\t<\/div>\n\n<p>&nbsp;<\/p>\n<p><iframe loading=\"lazy\" style=\"border: 0;\" src=\"https:\/\/www.google.com\/maps\/embed?pb=!1m14!1m8!1m3!1d1338.9033304416746!2d-68.82740529696558!3d18.34771795726589!3m2!1i1024!2i768!4f13.1!3m3!1m2!1s0x0%3A0x28dd10d4b2e0004c!2sDominican+Emotion!5e0!3m2!1ses-419!2sdo!4v1533044806416\" width=\"100%\" height=\"450\" frameborder=\"0\" allowfullscreen=\"allowfullscreen\"><\/iframe><\/p>","protected":false},"excerpt":{"rendered":"<p>Contactez-nous maintenant! Contactez-nous d\u00e8s maintenant pour r\u00e9server votre excursion afin de d\u00e9couvrir les endroits merveilleux qui caract\u00e9risent le territoire suggestif de la R\u00e9publique dominicaine. Un de nos op\u00e9rateurs sera toujours disponible pour organiser au mieux votre excursion et r\u00e9pondre \u00e0 toutes vos questions. &nbsp;<\/p>\n","protected":false},"author":1,"featured_media":0,"parent":0,"menu_order":0,"comment_status":"closed","ping_status":"closed","template":"","meta":{"footnotes":""},"class_list":["post-41","page","type-page","status-publish","hentry"],"yoast_head":"<!-- This site is optimized with the Yoast SEO plugin v27.3 - https:\/\/yoast.com\/product\/yoast-seo-wordpress\/ -->\n<title>Qui sommes nous - Dominican Emotion<\/title>\n<meta name=\"robots\" content=\"index, follow, max-snippet:-1, max-image-preview:large, max-video-preview:-1\" \/>\n<link rel=\"canonical\" href=\"https:\/\/dominicanemotion.com\/ru\/booking\/\" \/>\n<meta property=\"og:locale\" content=\"fr_FR\" \/>\n<meta property=\"og:type\" content=\"article\" \/>\n<meta property=\"og:title\" content=\"[:it]Chi Siamo[:en]Who are we[:de]Wer sind wir[:es]Quien somos[:ru]\u041e \u043d\u0430\u0448\u0435\u0439 \u043a\u043e\u043c\u043f\u0430\u043d\u0438\u0438[:fr]Qui sommes nous[:] - Dominican Emotion\" \/>\n<meta property=\"og:description\" content=\"Contactez-nous maintenant! Contactez-nous d\u00e8s maintenant pour r\u00e9server votre excursion afin de d\u00e9couvrir les endroits merveilleux qui caract\u00e9risent le territoire suggestif de la R\u00e9publique dominicaine. Un de nos op\u00e9rateurs sera toujours disponible pour organiser au mieux votre excursion et r\u00e9pondre \u00e0 toutes vos questions. &nbsp;\" \/>\n<meta property=\"og:url\" content=\"https:\/\/dominicanemotion.com\/ru\/booking\/\" \/>\n<meta property=\"og:site_name\" content=\"Dominican Emotion\" \/>\n<meta property=\"article:modified_time\" content=\"2023-07-20T13:07:34+00:00\" \/>\n<meta property=\"og:image\" content=\"https:\/\/dominicanemotion.com\/wp-content\/uploads\/2021\/01\/FB_IMG_1611666923863-1-150x150.jpg\" \/>\n<meta name=\"twitter:card\" content=\"summary_large_image\" \/>\n<meta name=\"twitter:label1\" content=\"Dur\u00e9e de lecture estim\u00e9e\" \/>\n\t<meta name=\"twitter:data1\" content=\"2 minutes\" \/>\n<script type=\"application\/ld+json\" class=\"yoast-schema-graph\">{\"@context\":\"https:\\\/\\\/schema.org\",\"@graph\":[{\"@type\":\"WebPage\",\"@id\":\"https:\\\/\\\/dominicanemotion.com\\\/ru\\\/booking\\\/\",\"url\":\"https:\\\/\\\/dominicanemotion.com\\\/ru\\\/booking\\\/\",\"name\":\"[:it]Chi Siamo[:en]Who are we[:de]Wer sind wir[:es]Quien somos[:ru]\u041e \u043d\u0430\u0448\u0435\u0439 \u043a\u043e\u043c\u043f\u0430\u043d\u0438\u0438[:fr]Qui sommes nous[:] - Dominican Emotion\",\"isPartOf\":{\"@id\":\"https:\\\/\\\/dominicanemotion.com\\\/ru\\\/#website\"},\"primaryImageOfPage\":{\"@id\":\"https:\\\/\\\/dominicanemotion.com\\\/ru\\\/booking\\\/#primaryimage\"},\"image\":{\"@id\":\"https:\\\/\\\/dominicanemotion.com\\\/ru\\\/booking\\\/#primaryimage\"},\"thumbnailUrl\":\"https:\\\/\\\/dominicanemotion.com\\\/wp-content\\\/uploads\\\/2021\\\/01\\\/barco-300x200.jpg\",\"datePublished\":\"2017-12-11T13:53:19+00:00\",\"dateModified\":\"2023-07-20T13:07:34+00:00\",\"breadcrumb\":{\"@id\":\"https:\\\/\\\/dominicanemotion.com\\\/ru\\\/booking\\\/#breadcrumb\"},\"inLanguage\":\"fr-FR\",\"potentialAction\":[{\"@type\":\"ReadAction\",\"target\":[\"https:\\\/\\\/dominicanemotion.com\\\/ru\\\/booking\\\/\"]}]},{\"@type\":\"ImageObject\",\"inLanguage\":\"fr-FR\",\"@id\":\"https:\\\/\\\/dominicanemotion.com\\\/ru\\\/booking\\\/#primaryimage\",\"url\":\"https:\\\/\\\/dominicanemotion.com\\\/wp-content\\\/uploads\\\/2021\\\/01\\\/barco-300x200.jpg\",\"contentUrl\":\"https:\\\/\\\/dominicanemotion.com\\\/wp-content\\\/uploads\\\/2021\\\/01\\\/barco-300x200.jpg\"},{\"@type\":\"BreadcrumbList\",\"@id\":\"https:\\\/\\\/dominicanemotion.com\\\/ru\\\/booking\\\/#breadcrumb\",\"itemListElement\":[{\"@type\":\"ListItem\",\"position\":1,\"name\":\"Home\",\"item\":\"https:\\\/\\\/dominicanemotion.com\\\/\"},{\"@type\":\"ListItem\",\"position\":2,\"name\":\"\u041e \u043d\u0430\u0448\u0435\u0439 \u043a\u043e\u043c\u043f\u0430\u043d\u0438\u0438\"}]},{\"@type\":\"WebSite\",\"@id\":\"https:\\\/\\\/dominicanemotion.com\\\/ru\\\/#website\",\"url\":\"https:\\\/\\\/dominicanemotion.com\\\/ru\\\/\",\"name\":\"Dominican Emotion\",\"description\":\"Le migliori escursioni della Repubblica Dominicana con partenza da Bayahibe, La Romana.\",\"potentialAction\":[{\"@type\":\"SearchAction\",\"target\":{\"@type\":\"EntryPoint\",\"urlTemplate\":\"https:\\\/\\\/dominicanemotion.com\\\/ru\\\/?s={search_term_string}\"},\"query-input\":{\"@type\":\"PropertyValueSpecification\",\"valueRequired\":true,\"valueName\":\"search_term_string\"}}],\"inLanguage\":\"fr-FR\"}]}<\/script>\n<!-- \/ Yoast SEO plugin. -->","yoast_head_json":{"title":"[:it]Chi Siamo[:en]Who are we[:de]Wer sind wir[:es]Quien somos[:ru]\u041e \u043d\u0430\u0448\u0435\u0439 \u043a\u043e\u043c\u043f\u0430\u043d\u0438\u0438[:fr]Qui sommes nous[:] - Dominican Emotion","robots":{"index":"index","follow":"follow","max-snippet":"max-snippet:-1","max-image-preview":"max-image-preview:large","max-video-preview":"max-video-preview:-1"},"canonical":"https:\/\/dominicanemotion.com\/ru\/booking\/","og_locale":"fr_FR","og_type":"article","og_title":"[:it]Chi Siamo[:en]Who are we[:de]Wer sind wir[:es]Quien somos[:ru]\u041e \u043d\u0430\u0448\u0435\u0439 \u043a\u043e\u043c\u043f\u0430\u043d\u0438\u0438[:fr]Qui sommes nous[:] - Dominican Emotion","og_description":"Contactez-nous maintenant! Contactez-nous d\u00e8s maintenant pour r\u00e9server votre excursion afin de d\u00e9couvrir les endroits merveilleux qui caract\u00e9risent le territoire suggestif de la R\u00e9publique dominicaine. Un de nos op\u00e9rateurs sera toujours disponible pour organiser au mieux votre excursion et r\u00e9pondre \u00e0 toutes vos questions. &nbsp;","og_url":"https:\/\/dominicanemotion.com\/ru\/booking\/","og_site_name":"Dominican Emotion","article_modified_time":"2023-07-20T13:07:34+00:00","og_image":[{"url":"https:\/\/dominicanemotion.com\/wp-content\/uploads\/2021\/01\/FB_IMG_1611666923863-1-150x150.jpg","type":"","width":"","height":""}],"twitter_card":"summary_large_image","twitter_misc":{"Dur\u00e9e de lecture estim\u00e9e":"2 minutes"},"schema":{"@context":"https:\/\/schema.org","@graph":[{"@type":"WebPage","@id":"https:\/\/dominicanemotion.com\/ru\/booking\/","url":"https:\/\/dominicanemotion.com\/ru\/booking\/","name":"[:it]Chi Siamo[:en]Who are we[:de]Wer sind wir[:es]Quien somos[:ru]\u041e \u043d\u0430\u0448\u0435\u0439 \u043a\u043e\u043c\u043f\u0430\u043d\u0438\u0438[:fr]Qui sommes nous[:] - Dominican Emotion","isPartOf":{"@id":"https:\/\/dominicanemotion.com\/ru\/#website"},"primaryImageOfPage":{"@id":"https:\/\/dominicanemotion.com\/ru\/booking\/#primaryimage"},"image":{"@id":"https:\/\/dominicanemotion.com\/ru\/booking\/#primaryimage"},"thumbnailUrl":"https:\/\/dominicanemotion.com\/wp-content\/uploads\/2021\/01\/barco-300x200.jpg","datePublished":"2017-12-11T13:53:19+00:00","dateModified":"2023-07-20T13:07:34+00:00","breadcrumb":{"@id":"https:\/\/dominicanemotion.com\/ru\/booking\/#breadcrumb"},"inLanguage":"fr-FR","potentialAction":[{"@type":"ReadAction","target":["https:\/\/dominicanemotion.com\/ru\/booking\/"]}]},{"@type":"ImageObject","inLanguage":"fr-FR","@id":"https:\/\/dominicanemotion.com\/ru\/booking\/#primaryimage","url":"https:\/\/dominicanemotion.com\/wp-content\/uploads\/2021\/01\/barco-300x200.jpg","contentUrl":"https:\/\/dominicanemotion.com\/wp-content\/uploads\/2021\/01\/barco-300x200.jpg"},{"@type":"BreadcrumbList","@id":"https:\/\/dominicanemotion.com\/ru\/booking\/#breadcrumb","itemListElement":[{"@type":"ListItem","position":1,"name":"Home","item":"https:\/\/dominicanemotion.com\/"},{"@type":"ListItem","position":2,"name":"\u041e \u043d\u0430\u0448\u0435\u0439 \u043a\u043e\u043c\u043f\u0430\u043d\u0438\u0438"}]},{"@type":"WebSite","@id":"https:\/\/dominicanemotion.com\/ru\/#website","url":"https:\/\/dominicanemotion.com\/ru\/","name":"Dominican Emotion","description":"Le migliori escursioni della Repubblica Dominicana con partenza da Bayahibe, La Romana.","potentialAction":[{"@type":"SearchAction","target":{"@type":"EntryPoint","urlTemplate":"https:\/\/dominicanemotion.com\/ru\/?s={search_term_string}"},"query-input":{"@type":"PropertyValueSpecification","valueRequired":true,"valueName":"search_term_string"}}],"inLanguage":"fr-FR"}]}},"_links":{"self":[{"href":"https:\/\/dominicanemotion.com\/fr\/wp-json\/wp\/v2\/pages\/41","targetHints":{"allow":["GET"]}}],"collection":[{"href":"https:\/\/dominicanemotion.com\/fr\/wp-json\/wp\/v2\/pages"}],"about":[{"href":"https:\/\/dominicanemotion.com\/fr\/wp-json\/wp\/v2\/types\/page"}],"author":[{"embeddable":true,"href":"https:\/\/dominicanemotion.com\/fr\/wp-json\/wp\/v2\/users\/1"}],"replies":[{"embeddable":true,"href":"https:\/\/dominicanemotion.com\/fr\/wp-json\/wp\/v2\/comments?post=41"}],"version-history":[{"count":87,"href":"https:\/\/dominicanemotion.com\/fr\/wp-json\/wp\/v2\/pages\/41\/revisions"}],"predecessor-version":[{"id":798,"href":"https:\/\/dominicanemotion.com\/fr\/wp-json\/wp\/v2\/pages\/41\/revisions\/798"}],"wp:attachment":[{"href":"https:\/\/dominicanemotion.com\/fr\/wp-json\/wp\/v2\/media?parent=41"}],"curies":[{"name":"wp","href":"https:\/\/api.w.org\/{rel}","templated":true}]}}