{"id":804,"date":"2023-07-24T12:17:17","date_gmt":"2023-07-24T12:17:17","guid":{"rendered":"https:\/\/dominicanemotion.com\/?page_id=804"},"modified":"2023-08-05T14:26:30","modified_gmt":"2023-08-05T14:26:30","slug":"coco-bongo-show","status":"publish","type":"page","link":"https:\/\/dominicanemotion.com\/es\/servizi\/coco-bongo-show\/","title":{"rendered":"Coco Bongo Show"},"content":{"rendered":"<p><a href=\"https:\/\/dominicanemotion.com\/wp-content\/uploads\/2023\/08\/cocobongo.jpg\" data-rel=\"lightbox-image-0\" data-rl_title=\"\" data-rl_caption=\"\" title=\"\"><img loading=\"lazy\" decoding=\"async\" class=\"alignnone size-full wp-image-820\" src=\"https:\/\/dominicanemotion.com\/wp-content\/uploads\/2023\/08\/cocobongo.jpg\" alt=\"\" width=\"1200\" height=\"800\" srcset=\"https:\/\/dominicanemotion.com\/wp-content\/uploads\/2023\/08\/cocobongo.jpg 1200w, https:\/\/dominicanemotion.com\/wp-content\/uploads\/2023\/08\/cocobongo-300x200.jpg 300w, https:\/\/dominicanemotion.com\/wp-content\/uploads\/2023\/08\/cocobongo-1024x683.jpg 1024w, https:\/\/dominicanemotion.com\/wp-content\/uploads\/2023\/08\/cocobongo-768x512.jpg 768w\" sizes=\"auto, (max-width: 1200px) 100vw, 1200px\" \/><\/a><\/p>\n<p><strong>COCO BONGO SHOW<\/strong><br \/>\nSi quieres pasar una noche inolvidable, reserva con nosotros el show en Coco Bongo en Punta Cana (disponible de martes a domingo), uno de los lugares m\u00e1s famosos del mundo, que te ofrecer\u00e1 una combinaci\u00f3n de m\u00fasica y espect\u00e1culo, con extraordinarias artistas y sus impresionantes actuaciones.<\/p>\n<p><a href=\"https:\/\/wa.me\/p\/6577633928965970\/18098979270\"><img loading=\"lazy\" decoding=\"async\" class=\"alignnone size-full wp-image-105\" src=\"https:\/\/dominicanemotion.com\/wp-content\/uploads\/2017\/12\/whatsapp-chat.jpg\" alt=\"\" width=\"300\" height=\"70\" \/><\/a><\/p>","protected":false},"excerpt":{"rendered":"<p>COCO BONGO SHOW Si quieres pasar una noche inolvidable, reserva con nosotros el show en Coco Bongo en Punta Cana (disponible de martes a domingo), uno de los lugares m\u00e1s famosos del mundo, que te ofrecer\u00e1 una combinaci\u00f3n de m\u00fasica y espect\u00e1culo, con extraordinarias artistas y sus impresionantes actuaciones.<\/p>\n","protected":false},"author":1,"featured_media":0,"parent":789,"menu_order":0,"comment_status":"closed","ping_status":"closed","template":"","meta":{"footnotes":""},"class_list":["post-804","page","type-page","status-publish","hentry"],"yoast_head":"<!-- This site is optimized with the Yoast SEO plugin v27.3 - https:\/\/yoast.com\/product\/yoast-seo-wordpress\/ -->\n<title>Coco Bongo Show - Dominican Emotion<\/title>\n<meta name=\"robots\" content=\"index, follow, max-snippet:-1, max-image-preview:large, max-video-preview:-1\" \/>\n<link rel=\"canonical\" href=\"https:\/\/dominicanemotion.com\/servizi\/coco-bongo-show\/\" \/>\n<meta property=\"og:locale\" content=\"es_ES\" \/>\n<meta property=\"og:type\" content=\"article\" \/>\n<meta property=\"og:title\" content=\"Coco Bongo Show - Dominican Emotion\" \/>\n<meta property=\"og:description\" content=\"COCO BONGO SHOW Si quieres pasar una noche inolvidable, reserva con nosotros el show en Coco Bongo en Punta Cana (disponible de martes a domingo), uno de los lugares m\u00e1s famosos del mundo, que te ofrecer\u00e1 una combinaci\u00f3n de m\u00fasica y espect\u00e1culo, con extraordinarias artistas y sus impresionantes actuaciones.\" \/>\n<meta property=\"og:url\" content=\"https:\/\/dominicanemotion.com\/servizi\/coco-bongo-show\/\" \/>\n<meta property=\"og:site_name\" content=\"Dominican Emotion\" \/>\n<meta property=\"article:modified_time\" content=\"2023-08-05T14:26:30+00:00\" \/>\n<meta property=\"og:image\" content=\"https:\/\/dominicanemotion.com\/wp-content\/uploads\/2023\/08\/cocobongo.jpg\" \/>\n\t<meta property=\"og:image:width\" content=\"1200\" \/>\n\t<meta property=\"og:image:height\" content=\"800\" \/>\n\t<meta property=\"og:image:type\" content=\"image\/jpeg\" \/>\n<meta name=\"twitter:card\" content=\"summary_large_image\" \/>\n<meta name=\"twitter:label1\" content=\"Tiempo de lectura\" \/>\n\t<meta name=\"twitter:data1\" content=\"1 minuto\" \/>\n<script type=\"application\/ld+json\" class=\"yoast-schema-graph\">{\"@context\":\"https:\\\/\\\/schema.org\",\"@graph\":[{\"@type\":\"WebPage\",\"@id\":\"https:\\\/\\\/dominicanemotion.com\\\/servizi\\\/coco-bongo-show\\\/\",\"url\":\"https:\\\/\\\/dominicanemotion.com\\\/servizi\\\/coco-bongo-show\\\/\",\"name\":\"Coco Bongo Show - Dominican Emotion\",\"isPartOf\":{\"@id\":\"https:\\\/\\\/dominicanemotion.com\\\/ru\\\/#website\"},\"primaryImageOfPage\":{\"@id\":\"https:\\\/\\\/dominicanemotion.com\\\/servizi\\\/coco-bongo-show\\\/#primaryimage\"},\"image\":{\"@id\":\"https:\\\/\\\/dominicanemotion.com\\\/servizi\\\/coco-bongo-show\\\/#primaryimage\"},\"thumbnailUrl\":\"https:\\\/\\\/dominicanemotion.com\\\/wp-content\\\/uploads\\\/2023\\\/08\\\/cocobongo.jpg\",\"datePublished\":\"2023-07-24T12:17:17+00:00\",\"dateModified\":\"2023-08-05T14:26:30+00:00\",\"breadcrumb\":{\"@id\":\"https:\\\/\\\/dominicanemotion.com\\\/servizi\\\/coco-bongo-show\\\/#breadcrumb\"},\"inLanguage\":\"es\",\"potentialAction\":[{\"@type\":\"ReadAction\",\"target\":[\"https:\\\/\\\/dominicanemotion.com\\\/servizi\\\/coco-bongo-show\\\/\"]}]},{\"@type\":\"ImageObject\",\"inLanguage\":\"es\",\"@id\":\"https:\\\/\\\/dominicanemotion.com\\\/servizi\\\/coco-bongo-show\\\/#primaryimage\",\"url\":\"https:\\\/\\\/dominicanemotion.com\\\/wp-content\\\/uploads\\\/2023\\\/08\\\/cocobongo.jpg\",\"contentUrl\":\"https:\\\/\\\/dominicanemotion.com\\\/wp-content\\\/uploads\\\/2023\\\/08\\\/cocobongo.jpg\"},{\"@type\":\"BreadcrumbList\",\"@id\":\"https:\\\/\\\/dominicanemotion.com\\\/servizi\\\/coco-bongo-show\\\/#breadcrumb\",\"itemListElement\":[{\"@type\":\"ListItem\",\"position\":1,\"name\":\"Home\",\"item\":\"https:\\\/\\\/dominicanemotion.com\\\/\"},{\"@type\":\"ListItem\",\"position\":2,\"name\":\"Servizi\",\"item\":\"https:\\\/\\\/dominicanemotion.com\\\/servizi\\\/\"},{\"@type\":\"ListItem\",\"position\":3,\"name\":\"Coco Bongo Show\"}]},{\"@type\":\"WebSite\",\"@id\":\"https:\\\/\\\/dominicanemotion.com\\\/ru\\\/#website\",\"url\":\"https:\\\/\\\/dominicanemotion.com\\\/ru\\\/\",\"name\":\"Dominican Emotion\",\"description\":\"Le migliori escursioni della Repubblica Dominicana con partenza da Bayahibe, La Romana.\",\"potentialAction\":[{\"@type\":\"SearchAction\",\"target\":{\"@type\":\"EntryPoint\",\"urlTemplate\":\"https:\\\/\\\/dominicanemotion.com\\\/ru\\\/?s={search_term_string}\"},\"query-input\":{\"@type\":\"PropertyValueSpecification\",\"valueRequired\":true,\"valueName\":\"search_term_string\"}}],\"inLanguage\":\"es\"}]}<\/script>\n<!-- \/ Yoast SEO plugin. -->","yoast_head_json":{"title":"Coco Bongo Show - Dominican Emotion","robots":{"index":"index","follow":"follow","max-snippet":"max-snippet:-1","max-image-preview":"max-image-preview:large","max-video-preview":"max-video-preview:-1"},"canonical":"https:\/\/dominicanemotion.com\/servizi\/coco-bongo-show\/","og_locale":"es_ES","og_type":"article","og_title":"Coco Bongo Show - Dominican Emotion","og_description":"COCO BONGO SHOW Si quieres pasar una noche inolvidable, reserva con nosotros el show en Coco Bongo en Punta Cana (disponible de martes a domingo), uno de los lugares m\u00e1s famosos del mundo, que te ofrecer\u00e1 una combinaci\u00f3n de m\u00fasica y espect\u00e1culo, con extraordinarias artistas y sus impresionantes actuaciones.","og_url":"https:\/\/dominicanemotion.com\/servizi\/coco-bongo-show\/","og_site_name":"Dominican Emotion","article_modified_time":"2023-08-05T14:26:30+00:00","og_image":[{"width":1200,"height":800,"url":"https:\/\/dominicanemotion.com\/wp-content\/uploads\/2023\/08\/cocobongo.jpg","type":"image\/jpeg"}],"twitter_card":"summary_large_image","twitter_misc":{"Tiempo de lectura":"1 minuto"},"schema":{"@context":"https:\/\/schema.org","@graph":[{"@type":"WebPage","@id":"https:\/\/dominicanemotion.com\/servizi\/coco-bongo-show\/","url":"https:\/\/dominicanemotion.com\/servizi\/coco-bongo-show\/","name":"Coco Bongo Show - Dominican Emotion","isPartOf":{"@id":"https:\/\/dominicanemotion.com\/ru\/#website"},"primaryImageOfPage":{"@id":"https:\/\/dominicanemotion.com\/servizi\/coco-bongo-show\/#primaryimage"},"image":{"@id":"https:\/\/dominicanemotion.com\/servizi\/coco-bongo-show\/#primaryimage"},"thumbnailUrl":"https:\/\/dominicanemotion.com\/wp-content\/uploads\/2023\/08\/cocobongo.jpg","datePublished":"2023-07-24T12:17:17+00:00","dateModified":"2023-08-05T14:26:30+00:00","breadcrumb":{"@id":"https:\/\/dominicanemotion.com\/servizi\/coco-bongo-show\/#breadcrumb"},"inLanguage":"es","potentialAction":[{"@type":"ReadAction","target":["https:\/\/dominicanemotion.com\/servizi\/coco-bongo-show\/"]}]},{"@type":"ImageObject","inLanguage":"es","@id":"https:\/\/dominicanemotion.com\/servizi\/coco-bongo-show\/#primaryimage","url":"https:\/\/dominicanemotion.com\/wp-content\/uploads\/2023\/08\/cocobongo.jpg","contentUrl":"https:\/\/dominicanemotion.com\/wp-content\/uploads\/2023\/08\/cocobongo.jpg"},{"@type":"BreadcrumbList","@id":"https:\/\/dominicanemotion.com\/servizi\/coco-bongo-show\/#breadcrumb","itemListElement":[{"@type":"ListItem","position":1,"name":"Home","item":"https:\/\/dominicanemotion.com\/"},{"@type":"ListItem","position":2,"name":"Servizi","item":"https:\/\/dominicanemotion.com\/servizi\/"},{"@type":"ListItem","position":3,"name":"Coco Bongo Show"}]},{"@type":"WebSite","@id":"https:\/\/dominicanemotion.com\/ru\/#website","url":"https:\/\/dominicanemotion.com\/ru\/","name":"Dominican Emotion","description":"Le migliori escursioni della Repubblica Dominicana con partenza da Bayahibe, La Romana.","potentialAction":[{"@type":"SearchAction","target":{"@type":"EntryPoint","urlTemplate":"https:\/\/dominicanemotion.com\/ru\/?s={search_term_string}"},"query-input":{"@type":"PropertyValueSpecification","valueRequired":true,"valueName":"search_term_string"}}],"inLanguage":"es"}]}},"_links":{"self":[{"href":"https:\/\/dominicanemotion.com\/es\/wp-json\/wp\/v2\/pages\/804","targetHints":{"allow":["GET"]}}],"collection":[{"href":"https:\/\/dominicanemotion.com\/es\/wp-json\/wp\/v2\/pages"}],"about":[{"href":"https:\/\/dominicanemotion.com\/es\/wp-json\/wp\/v2\/types\/page"}],"author":[{"embeddable":true,"href":"https:\/\/dominicanemotion.com\/es\/wp-json\/wp\/v2\/users\/1"}],"replies":[{"embeddable":true,"href":"https:\/\/dominicanemotion.com\/es\/wp-json\/wp\/v2\/comments?post=804"}],"version-history":[{"count":5,"href":"https:\/\/dominicanemotion.com\/es\/wp-json\/wp\/v2\/pages\/804\/revisions"}],"predecessor-version":[{"id":838,"href":"https:\/\/dominicanemotion.com\/es\/wp-json\/wp\/v2\/pages\/804\/revisions\/838"}],"up":[{"embeddable":true,"href":"https:\/\/dominicanemotion.com\/es\/wp-json\/wp\/v2\/pages\/789"}],"wp:attachment":[{"href":"https:\/\/dominicanemotion.com\/es\/wp-json\/wp\/v2\/media?parent=804"}],"curies":[{"name":"wp","href":"https:\/\/api.w.org\/{rel}","templated":true}]}}